{"id":720,"date":"2025-07-04T13:43:05","date_gmt":"2025-07-04T16:43:05","guid":{"rendered":"https:\/\/agronext.com.ar\/?page_id=720"},"modified":"2025-07-04T13:43:06","modified_gmt":"2025-07-04T16:43:06","slug":"politica-de-envios","status":"publish","type":"page","link":"https:\/\/agronext.com.ar\/index.php\/politica-de-envios\/","title":{"rendered":"Pol\u00edtica de env\u00edos"},"content":{"rendered":"\n[et_pb_section fb_built=&#8221;1&#8243; theme_builder_area=&#8221;post_content&#8221; _builder_version=&#8221;4.27.4&#8243; _module_preset=&#8221;default&#8221;][et_pb_row _builder_version=&#8221;4.27.4&#8243; _module_preset=&#8221;default&#8221; theme_builder_area=&#8221;post_content&#8221;][et_pb_column _builder_version=&#8221;4.27.4&#8243; _module_preset=&#8221;default&#8221; type=&#8221;4_4&#8243; theme_builder_area=&#8221;post_content&#8221;][et_pb_text _builder_version=&#8221;4.27.4&#8243; _module_preset=&#8221;default&#8221; theme_builder_area=&#8221;post_content&#8221; hover_enabled=&#8221;0&#8243; sticky_enabled=&#8221;0&#8243;]<p><strong>Pol\u00edtica de env\u00edos y retiros<\/strong><\/p>\n<p><strong>El costo de env\u00edo no est\u00e1 incluido en el precio del producto salvo expresa aclaraci\u00f3n en el presupuesto. <\/strong><\/p>\n<p>El cliente podr\u00e1 retirar el\/los producto\/s comprados en la direcci\u00f3n que AgroNEXT establezca sin cargo.<\/p>\n<p>La <strong>log\u00edstica de env\u00edo est\u00e1 tercerizada<\/strong>. AgroNEXT podr\u00e1 colaborar para coordinar el env\u00edo y la entrega para mayor comodidad del cliente.<\/p>\n<p>Todos los paquetes despachados tendr\u00e1n su seguro correspondiente. El costo del seguro ser\u00e1 incluido en el costo del env\u00edo del paquete\/s.<\/p>\n<p><strong>La pol\u00edtica de entrega del paquete\/s estar\u00e1 determinada por la compa\u00f1\u00eda de transporte elegida. Es responsabilidad del cliente informarse sobre las condiciones y pautas de envio y retiro de la compa\u00f1\u00eda de transporte elegida.<\/strong><\/p>\n<p>Si el cliente notase alguna irregularidad del paquete\/s en el momento de la entrega, <strong>no lo acepte <\/strong>y comun\u00edquese con nosotros de inmediato. Documente lo mejor posible la irregularidad, da\u00f1o, rotura, etc. que observa. Solicite de inmediato ejecutar el seguro correspondiente.<\/p>[\/et_pb_text][\/et_pb_column][\/et_pb_row][\/et_pb_section]\n","protected":false},"excerpt":{"rendered":"<p>Pol\u00edtica de env\u00edos y retiros El costo de env\u00edo no est\u00e1 incluido en el precio del producto salvo expresa aclaraci\u00f3n en el presupuesto. El cliente podr\u00e1 retirar el\/los producto\/s comprados en la direcci\u00f3n que AgroNEXT establezca sin cargo. La log\u00edstica de env\u00edo est\u00e1 tercerizada. AgroNEXT podr\u00e1 colaborar para coordinar el env\u00edo y la entrega para [&hellip;]<\/p>\n","protected":false},"author":1,"featured_media":0,"parent":0,"menu_order":0,"comment_status":"closed","ping_status":"closed","template":"","meta":{"_et_pb_use_builder":"on","_et_pb_old_content":"","_et_gb_content_width":"","_joinchat":[],"footnotes":""},"class_list":["post-720","page","type-page","status-publish","hentry"],"_links":{"self":[{"href":"https:\/\/agronext.com.ar\/index.php\/wp-json\/wp\/v2\/pages\/720","targetHints":{"allow":["GET"]}}],"collection":[{"href":"https:\/\/agronext.com.ar\/index.php\/wp-json\/wp\/v2\/pages"}],"about":[{"href":"https:\/\/agronext.com.ar\/index.php\/wp-json\/wp\/v2\/types\/page"}],"author":[{"embeddable":true,"href":"https:\/\/agronext.com.ar\/index.php\/wp-json\/wp\/v2\/users\/1"}],"replies":[{"embeddable":true,"href":"https:\/\/agronext.com.ar\/index.php\/wp-json\/wp\/v2\/comments?post=720"}],"version-history":[{"count":3,"href":"https:\/\/agronext.com.ar\/index.php\/wp-json\/wp\/v2\/pages\/720\/revisions"}],"predecessor-version":[{"id":727,"href":"https:\/\/agronext.com.ar\/index.php\/wp-json\/wp\/v2\/pages\/720\/revisions\/727"}],"wp:attachment":[{"href":"https:\/\/agronext.com.ar\/index.php\/wp-json\/wp\/v2\/media?parent=720"}],"curies":[{"name":"wp","href":"https:\/\/api.w.org\/{rel}","templated":true}]}}