{"id":1000,"date":"2025-10-27T12:40:16","date_gmt":"2025-10-27T15:40:16","guid":{"rendered":"https:\/\/agronext.com.ar\/?post_type=product&#038;p=1000"},"modified":"2025-10-27T12:40:16","modified_gmt":"2025-10-27T15:40:16","slug":"fieldscout-sc-900-soil-compaction-meter","status":"publish","type":"product","link":"https:\/\/agronext.com.ar\/index.php\/producto\/fieldscout-sc-900-soil-compaction-meter\/","title":{"rendered":"FIELDSCOUT SC 900 SOIL COMPACTION METER"},"content":{"rendered":"<p><span lang=\"ES\"><strong>Medidor de Compactaci\u00f3n de Suelo FieldScout SC-900 (Compact\u00f3metro)<\/strong><\/span><\/p>\n<p><span lang=\"ES\">\u00a0<\/span><\/p>\n<p><span lang=\"ES\">Le ayudar\u00e1 a decidir qu\u00e9 zonas requieren labranza, los cambios en la rotaci\u00f3n de los cultivos y la siembra de cultivos de cobertura.<\/span><\/p>\n<p><span lang=\"ES\">\u00a0<\/span><\/p>\n<p><span lang=\"ES\">Incluye punta de cono de \u00bd pulgada y \u00be pulgada.<\/span><\/p>\n<p><span lang=\"ES\">Toma lecturas de compactaci\u00f3n cada pulgada de 0 a 18 pulgadas (45 cm).<\/span><\/p>\n<p><span lang=\"ES\">El sensor de profundidad ultras\u00f3nico exclusivo recoge lecturas en incrementos de 1 pulgada (2,5 cm).<\/span><\/p>\n<p><span lang=\"ES\">Resistencia a la penetraci\u00f3n medida por la c\u00e9lula de carga interna.<\/span><\/p>\n<p><span lang=\"ES\">Los datos de compactaci\u00f3n se muestran en PSI o kPa (1 psi = 6,9 kPa).<\/span><\/p>\n<p><span lang=\"ES\">Se conecta a cualquier receptor GPS que tenga una opci\u00f3n de salida en serie. (La interfaz del GPS requiere cable GPS\/DGPS y cable de interfaz en serie para PC, no incluidos).<\/span><\/p>\n<p><span lang=\"ES\">Equipado con registrador de datos interno y puerto RS-232<\/span><\/p>\n<p><span lang=\"ES\">Incluye cable USB, malet\u00edn de transporte y sensor de profundidad.<\/span><\/p>\n<p><span lang=\"ES\">\u00a0<\/span><\/p>\n<p><span lang=\"ES\"><strong>Caracter\u00edsticas.<\/strong><\/span><\/p>\n<p><span lang=\"ES\">\u00a0<\/span><\/p>\n<ul>\n<li><span lang=\"ES\">Unidades de medici\u00f3n: \u00cdndice de cono (PSI o kPa)<\/span><\/li>\n<li><span lang=\"ES\">Resoluci\u00f3n: 1 pulgada (2,5 cm), 5 PSI (35 kPa)<\/span><\/li>\n<li><span lang=\"ES\">Precisi\u00f3n: \u00b10,5 pulgada (1,25 cm) de profundidad, \u00b115 PSI (103 kPa) de presi\u00f3n<\/span><\/li>\n<li><span lang=\"ES\">Rango: 0 a 18 pulgadas (0 a 45 cm), 0 a 1.000 PSI (0 a 7.000 kPa)<\/span><\/li>\n<li><span lang=\"ES\">Bater\u00eda\/duraci\u00f3n: 4 bater\u00edas alcalinas AAA; aprox. 12 meses de duraci\u00f3n<\/span><\/li>\n<li><span lang=\"ES\">Capacidad del registrador de datos: 772 perfiles sin GPS; 579 perfiles con GPS<\/span><\/li>\n<\/ul>\n","protected":false},"excerpt":{"rendered":"<p>Medidor de Compactaci\u00f3n de Suelo FieldScout SC-900 (Compact\u00f3metro) \u00a0 Le ayudar\u00e1 a decidir qu\u00e9 zonas requieren labranza, los cambios en la rotaci\u00f3n de los cultivos y la siembra de cultivos de cobertura. \u00a0 Incluye punta de cono de \u00bd pulgada y \u00be pulgada. Toma lecturas de compactaci\u00f3n cada pulgada de 0 a 18 pulgadas (45 [&hellip;]<\/p>\n","protected":false},"featured_media":1001,"comment_status":"open","ping_status":"closed","template":"","meta":{"_et_pb_use_builder":"","_et_pb_old_content":"","_et_gb_content_width":"","_joinchat":[]},"product_brand":[39],"product_cat":[37],"product_tag":[],"class_list":{"0":"post-1000","1":"product","2":"type-product","3":"status-publish","4":"has-post-thumbnail","6":"product_brand-spectrum","7":"product_cat-accesorios-sensores","9":"first","10":"instock","11":"shipping-taxable","12":"product-type-simple"},"_links":{"self":[{"href":"https:\/\/agronext.com.ar\/index.php\/wp-json\/wp\/v2\/product\/1000","targetHints":{"allow":["GET"]}}],"collection":[{"href":"https:\/\/agronext.com.ar\/index.php\/wp-json\/wp\/v2\/product"}],"about":[{"href":"https:\/\/agronext.com.ar\/index.php\/wp-json\/wp\/v2\/types\/product"}],"replies":[{"embeddable":true,"href":"https:\/\/agronext.com.ar\/index.php\/wp-json\/wp\/v2\/comments?post=1000"}],"wp:featuredmedia":[{"embeddable":true,"href":"https:\/\/agronext.com.ar\/index.php\/wp-json\/wp\/v2\/media\/1001"}],"wp:attachment":[{"href":"https:\/\/agronext.com.ar\/index.php\/wp-json\/wp\/v2\/media?parent=1000"}],"wp:term":[{"taxonomy":"product_brand","embeddable":true,"href":"https:\/\/agronext.com.ar\/index.php\/wp-json\/wp\/v2\/product_brand?post=1000"},{"taxonomy":"product_cat","embeddable":true,"href":"https:\/\/agronext.com.ar\/index.php\/wp-json\/wp\/v2\/product_cat?post=1000"},{"taxonomy":"product_tag","embeddable":true,"href":"https:\/\/agronext.com.ar\/index.php\/wp-json\/wp\/v2\/product_tag?post=1000"}],"curies":[{"name":"wp","href":"https:\/\/api.w.org\/{rel}","templated":true}]}}