{"id":1008,"date":"2025-11-04T19:25:47","date_gmt":"2025-11-04T22:25:47","guid":{"rendered":"https:\/\/agronext.com.ar\/?post_type=product&#038;p=1008"},"modified":"2025-12-10T17:09:24","modified_gmt":"2025-12-10T20:09:24","slug":"estacion-meteorologica-pegasus-ep-201","status":"publish","type":"product","link":"https:\/\/agronext.com.ar\/index.php\/producto\/estacion-meteorologica-pegasus-ep-201\/","title":{"rendered":"ESTACION METEOROLOGICA TECMES PEGASUS EP 201"},"content":{"rendered":"<div><strong>Es una estaci\u00f3n profesional, port\u00e1til y de f\u00e1cil instalaci\u00f3n, mide y transmite datos en tiempo real a trav\u00e9s de tecnolog\u00eda celular, con visualizaci\u00f3n en aplicaciones m\u00f3viles.<\/strong><\/div>\n<p>La estaci\u00f3n es aut\u00f3noma, su alimentaci\u00f3n es por bater\u00eda y panel solar, todo integrado en su dise\u00f1o exclusivo. La tecnolog\u00eda incorporada transmite los datos registrados por diferentes tipos de conectividad a la nube para ser visualizados en tiempo real desde su computadora o a trav\u00e9s de la aplicaci\u00f3n PEGASUS MOBILE.<\/p>\n","protected":false},"excerpt":{"rendered":"<p>Es una estaci\u00f3n profesional, port\u00e1til y de f\u00e1cil instalaci\u00f3n, mide y transmite datos en tiempo real a trav\u00e9s de tecnolog\u00eda celular, con visualizaci\u00f3n en aplicaciones m\u00f3viles. La estaci\u00f3n es aut\u00f3noma, su alimentaci\u00f3n es por bater\u00eda y panel solar, todo integrado en su dise\u00f1o exclusivo. La tecnolog\u00eda incorporada transmite los datos registrados por diferentes tipos de [&hellip;]<\/p>\n","protected":false},"featured_media":1009,"comment_status":"open","ping_status":"closed","template":"","meta":{"_et_pb_use_builder":"","_et_pb_old_content":"","_et_gb_content_width":"","_joinchat":[]},"product_brand":[41],"product_cat":[35,21],"product_tag":[],"class_list":{"0":"post-1008","1":"product","2":"type-product","3":"status-publish","4":"has-post-thumbnail","6":"product_brand-tecmes","7":"product_cat-destacados","8":"product_cat-estaciones-meteorologicas","10":"first","11":"instock","12":"shipping-taxable","13":"product-type-simple"},"_links":{"self":[{"href":"https:\/\/agronext.com.ar\/index.php\/wp-json\/wp\/v2\/product\/1008","targetHints":{"allow":["GET"]}}],"collection":[{"href":"https:\/\/agronext.com.ar\/index.php\/wp-json\/wp\/v2\/product"}],"about":[{"href":"https:\/\/agronext.com.ar\/index.php\/wp-json\/wp\/v2\/types\/product"}],"replies":[{"embeddable":true,"href":"https:\/\/agronext.com.ar\/index.php\/wp-json\/wp\/v2\/comments?post=1008"}],"wp:featuredmedia":[{"embeddable":true,"href":"https:\/\/agronext.com.ar\/index.php\/wp-json\/wp\/v2\/media\/1009"}],"wp:attachment":[{"href":"https:\/\/agronext.com.ar\/index.php\/wp-json\/wp\/v2\/media?parent=1008"}],"wp:term":[{"taxonomy":"product_brand","embeddable":true,"href":"https:\/\/agronext.com.ar\/index.php\/wp-json\/wp\/v2\/product_brand?post=1008"},{"taxonomy":"product_cat","embeddable":true,"href":"https:\/\/agronext.com.ar\/index.php\/wp-json\/wp\/v2\/product_cat?post=1008"},{"taxonomy":"product_tag","embeddable":true,"href":"https:\/\/agronext.com.ar\/index.php\/wp-json\/wp\/v2\/product_tag?post=1008"}],"curies":[{"name":"wp","href":"https:\/\/api.w.org\/{rel}","templated":true}]}}