{"id":206,"date":"2025-03-12T23:08:16","date_gmt":"2025-03-13T02:08:16","guid":{"rendered":"https:\/\/agronext.com.ar\/?post_type=product&#038;p=206"},"modified":"2025-03-13T09:25:46","modified_gmt":"2025-03-13T12:25:46","slug":"vantage-pro2-wireless-plus","status":"publish","type":"product","link":"https:\/\/agronext.com.ar\/index.php\/producto\/vantage-pro2-wireless-plus\/","title":{"rendered":"Vantage Pro2 Wireless Plus"},"content":{"rendered":"<p>&#8211; Conexi\u00f3n inal\u00e1mbrica.<br \/>\n&#8211; Sensores UV, temperatura, viento, lluvia.<br \/>\n&#8211; Datos cada 2,5 segundos.<\/p>\n","protected":false},"excerpt":{"rendered":"<p>Estaci\u00f3n meteorol\u00f3gica profesional inal\u00e1mbrica con sensores UV y radiaci\u00f3n solar.<\/p>\n","protected":false},"featured_media":207,"comment_status":"open","ping_status":"closed","template":"","meta":{"_et_pb_use_builder":"on","_et_pb_old_content":"- Conexi\u00f3n inal\u00e1mbrica.\n- Sensores UV, temperatura, viento, lluvia.\n- Datos cada 2,5 segundos.","_et_gb_content_width":"","_joinchat":[]},"product_brand":[],"product_cat":[20,21],"product_tag":[22],"class_list":{"0":"post-206","1":"product","2":"type-product","3":"status-publish","4":"has-post-thumbnail","6":"product_cat-monitoreo-climatico","7":"product_cat-estaciones-meteorologicas","8":"product_tag-davis","10":"first","11":"instock","12":"shipping-taxable","13":"purchasable","14":"product-type-simple"},"_links":{"self":[{"href":"https:\/\/agronext.com.ar\/index.php\/wp-json\/wp\/v2\/product\/206","targetHints":{"allow":["GET"]}}],"collection":[{"href":"https:\/\/agronext.com.ar\/index.php\/wp-json\/wp\/v2\/product"}],"about":[{"href":"https:\/\/agronext.com.ar\/index.php\/wp-json\/wp\/v2\/types\/product"}],"replies":[{"embeddable":true,"href":"https:\/\/agronext.com.ar\/index.php\/wp-json\/wp\/v2\/comments?post=206"}],"wp:featuredmedia":[{"embeddable":true,"href":"https:\/\/agronext.com.ar\/index.php\/wp-json\/wp\/v2\/media\/207"}],"wp:attachment":[{"href":"https:\/\/agronext.com.ar\/index.php\/wp-json\/wp\/v2\/media?parent=206"}],"wp:term":[{"taxonomy":"product_brand","embeddable":true,"href":"https:\/\/agronext.com.ar\/index.php\/wp-json\/wp\/v2\/product_brand?post=206"},{"taxonomy":"product_cat","embeddable":true,"href":"https:\/\/agronext.com.ar\/index.php\/wp-json\/wp\/v2\/product_cat?post=206"},{"taxonomy":"product_tag","embeddable":true,"href":"https:\/\/agronext.com.ar\/index.php\/wp-json\/wp\/v2\/product_tag?post=206"}],"curies":[{"name":"wp","href":"https:\/\/api.w.org\/{rel}","templated":true}]}}