{"id":226,"date":"2025-03-12T23:22:14","date_gmt":"2025-03-13T02:22:14","guid":{"rendered":"https:\/\/agronext.com.ar\/?post_type=product&#038;p=226"},"modified":"2025-03-13T09:25:46","modified_gmt":"2025-03-13T12:25:46","slug":"enviromonitor-cellular-gateway-global","status":"publish","type":"product","link":"https:\/\/agronext.com.ar\/index.php\/producto\/enviromonitor-cellular-gateway-global\/","title":{"rendered":"EnviroMonitor Cellular Gateway Global"},"content":{"rendered":"<p>&#8211; Conectividad LTE para monitorizar sensores a distancia.<br \/>\n&#8211; Conexi\u00f3n autom\u00e1tica en la nube.<\/p>\n","protected":false},"excerpt":{"rendered":"<p>Gateway celular para conexi\u00f3n de sensores en la nube para monitoreo agr\u00edcola.<\/p>\n","protected":false},"featured_media":227,"comment_status":"open","ping_status":"closed","template":"","meta":{"_et_pb_use_builder":"on","_et_pb_old_content":"<p data-start=\"140\" data-end=\"211\"><strong data-start=\"140\" data-end=\"211\">Caracter\u00edsticas adicionales del sistema Davis EnviroMonitor Gateway<\/strong><\/p>\r\n\r\n<ul data-start=\"213\" data-end=\"1634\">\r\n \t<li data-start=\"213\" data-end=\"296\"><strong data-start=\"215\" data-end=\"296\">Requiere un Plan de Servicio Anual y un pago \u00fanico de activaci\u00f3n de hardware.<\/strong><\/li>\r\n \t<li data-start=\"297\" data-end=\"456\"><strong data-start=\"299\" data-end=\"336\">Recoge todos los datos esenciales<\/strong> desde los nodos EnviroMonitor y los env\u00eda de forma segura al servidor en la nube mediante <strong data-start=\"427\" data-end=\"455\">conectividad celular LTE<\/strong>.<\/li>\r\n \t<li data-start=\"457\" data-end=\"684\">Acced\u00e9 a tus datos <strong data-start=\"478\" data-end=\"526\">en cualquier momento y desde cualquier lugar<\/strong>, a trav\u00e9s de tu <strong data-start=\"543\" data-end=\"577\">tel\u00e9fono, tablet o computadora<\/strong> en <strong data-start=\"581\" data-end=\"600\">WeatherLink.com<\/strong>, la app m\u00f3vil <strong data-start=\"615\" data-end=\"630\">WeatherLink<\/strong> y la app especializada para agricultura <strong data-start=\"671\" data-end=\"683\">Mobilize<\/strong>.<\/li>\r\n \t<li data-start=\"685\" data-end=\"908\">Pod\u00e9s <strong data-start=\"693\" data-end=\"719\">agregar hasta 32 nodos<\/strong>, cada uno con <strong data-start=\"734\" data-end=\"759\">hasta cuatro sensores<\/strong>, y adem\u00e1s incorporar <strong data-start=\"781\" data-end=\"838\">cualquier conjunto de sensores cableados Vantage Pro2<\/strong>. Eleg\u00ed entre <strong data-start=\"852\" data-end=\"895\">m\u00e1s de 100 sensores Davis y de terceros<\/strong> compatibles.<\/li>\r\n \t<li data-start=\"909\" data-end=\"1030\"><strong data-start=\"911\" data-end=\"938\">Panel solar de 5 vatios<\/strong> que proporciona alimentaci\u00f3n continua, con <strong data-start=\"982\" data-end=\"1029\">bater\u00eda recargable de respaldo de 6 voltios<\/strong>.<\/li>\r\n \t<li data-start=\"1031\" data-end=\"1165\">En <strong data-start=\"1036\" data-end=\"1055\">WeatherLink.com<\/strong>, configur\u00e1 <strong data-start=\"1067\" data-end=\"1118\">alarmas y notificaciones por correo electr\u00f3nico<\/strong> para condiciones meteorol\u00f3gicas altas o bajas.<\/li>\r\n \t<li data-start=\"1166\" data-end=\"1268\"><strong data-start=\"1168\" data-end=\"1207\">Gabinete resistente a la intemperie<\/strong>, que protege todos los componentes electr\u00f3nicos del sistema.<\/li>\r\n \t<li data-start=\"1269\" data-end=\"1419\">Posibilidad de a\u00f1adir <strong data-start=\"1293\" data-end=\"1343\">antena de largo alcance de 8 dBi (modelo 7678)<\/strong> para ampliar el rango de comunicaci\u00f3n hasta <strong data-start=\"1388\" data-end=\"1418\">10.000 pies \/ 3.000 metros<\/strong>.<\/li>\r\n \t<li data-start=\"1420\" data-end=\"1545\">La app <strong data-start=\"1429\" data-end=\"1446\">EnviroMonitor<\/strong> gu\u00eda paso a paso el proceso de instalaci\u00f3n f\u00e1cilmente, utilizando <strong data-start=\"1513\" data-end=\"1544\">Bluetooth desde tu tel\u00e9fono<\/strong>.<\/li>\r\n \t<li data-start=\"1546\" data-end=\"1634\"><strong data-start=\"1548\" data-end=\"1585\">Uso exclusivo para Estados Unidos<\/strong>. Incluye <strong data-start=\"1595\" data-end=\"1633\">garant\u00eda del fabricante por un a\u00f1o<\/strong>.<\/li>\r\n<\/ul>","_et_gb_content_width":"","_joinchat":[]},"product_brand":[],"product_cat":[20,21],"product_tag":[22],"class_list":{"0":"post-226","1":"product","2":"type-product","3":"status-publish","4":"has-post-thumbnail","6":"product_cat-monitoreo-climatico","7":"product_cat-estaciones-meteorologicas","8":"product_tag-davis","10":"first","11":"instock","12":"shipping-taxable","13":"purchasable","14":"product-type-simple"},"_links":{"self":[{"href":"https:\/\/agronext.com.ar\/index.php\/wp-json\/wp\/v2\/product\/226","targetHints":{"allow":["GET"]}}],"collection":[{"href":"https:\/\/agronext.com.ar\/index.php\/wp-json\/wp\/v2\/product"}],"about":[{"href":"https:\/\/agronext.com.ar\/index.php\/wp-json\/wp\/v2\/types\/product"}],"replies":[{"embeddable":true,"href":"https:\/\/agronext.com.ar\/index.php\/wp-json\/wp\/v2\/comments?post=226"}],"wp:featuredmedia":[{"embeddable":true,"href":"https:\/\/agronext.com.ar\/index.php\/wp-json\/wp\/v2\/media\/227"}],"wp:attachment":[{"href":"https:\/\/agronext.com.ar\/index.php\/wp-json\/wp\/v2\/media?parent=226"}],"wp:term":[{"taxonomy":"product_brand","embeddable":true,"href":"https:\/\/agronext.com.ar\/index.php\/wp-json\/wp\/v2\/product_brand?post=226"},{"taxonomy":"product_cat","embeddable":true,"href":"https:\/\/agronext.com.ar\/index.php\/wp-json\/wp\/v2\/product_cat?post=226"},{"taxonomy":"product_tag","embeddable":true,"href":"https:\/\/agronext.com.ar\/index.php\/wp-json\/wp\/v2\/product_tag?post=226"}],"curies":[{"name":"wp","href":"https:\/\/api.w.org\/{rel}","templated":true}]}}