{"id":246,"date":"2025-03-13T00:11:06","date_gmt":"2025-03-13T03:11:06","guid":{"rendered":"https:\/\/agronext.com.ar\/index.php\/producto\/vantage-vue\/"},"modified":"2025-11-06T15:46:48","modified_gmt":"2025-11-06T18:46:48","slug":"vantage-vue","status":"publish","type":"product","link":"https:\/\/agronext.com.ar\/index.php\/producto\/vantage-vue\/","title":{"rendered":"Estaci\u00f3n Meteorol\u00f3gica DAVIS Vantage Vue"},"content":{"rendered":"<p>&#8211; Estaci\u00f3n compacta para medir viento, lluvia, temperatura.<br \/>\n&#8211; Soluci\u00f3n asequible y eficaz.<\/p>\n","protected":false},"excerpt":{"rendered":"<p>Estaci\u00f3n meteorol\u00f3gica compacta para monitoreo de clima local.<\/p>\n","protected":false},"featured_media":546,"comment_status":"open","ping_status":"closed","template":"","meta":{"_et_pb_use_builder":"","_et_pb_old_content":"","_et_gb_content_width":"","_joinchat":[]},"product_brand":[38],"product_cat":[20],"product_tag":[],"class_list":{"0":"post-246","1":"product","2":"type-product","3":"status-publish","4":"has-post-thumbnail","6":"product_brand-davis","7":"product_cat-monitoreo-climatico","9":"first","10":"instock","11":"shipping-taxable","12":"product-type-simple"},"_links":{"self":[{"href":"https:\/\/agronext.com.ar\/index.php\/wp-json\/wp\/v2\/product\/246","targetHints":{"allow":["GET"]}}],"collection":[{"href":"https:\/\/agronext.com.ar\/index.php\/wp-json\/wp\/v2\/product"}],"about":[{"href":"https:\/\/agronext.com.ar\/index.php\/wp-json\/wp\/v2\/types\/product"}],"replies":[{"embeddable":true,"href":"https:\/\/agronext.com.ar\/index.php\/wp-json\/wp\/v2\/comments?post=246"}],"wp:featuredmedia":[{"embeddable":true,"href":"https:\/\/agronext.com.ar\/index.php\/wp-json\/wp\/v2\/media\/546"}],"wp:attachment":[{"href":"https:\/\/agronext.com.ar\/index.php\/wp-json\/wp\/v2\/media?parent=246"}],"wp:term":[{"taxonomy":"product_brand","embeddable":true,"href":"https:\/\/agronext.com.ar\/index.php\/wp-json\/wp\/v2\/product_brand?post=246"},{"taxonomy":"product_cat","embeddable":true,"href":"https:\/\/agronext.com.ar\/index.php\/wp-json\/wp\/v2\/product_cat?post=246"},{"taxonomy":"product_tag","embeddable":true,"href":"https:\/\/agronext.com.ar\/index.php\/wp-json\/wp\/v2\/product_tag?post=246"}],"curies":[{"name":"wp","href":"https:\/\/api.w.org\/{rel}","templated":true}]}}