{"id":247,"date":"2025-03-13T00:11:07","date_gmt":"2025-03-13T03:11:07","guid":{"rendered":"https:\/\/agronext.com.ar\/index.php\/producto\/vantage-pro2-wireless\/"},"modified":"2025-12-10T17:09:12","modified_gmt":"2025-12-10T20:09:12","slug":"vantage-pro2-wireless","status":"publish","type":"product","link":"https:\/\/agronext.com.ar\/index.php\/producto\/vantage-pro2-wireless\/","title":{"rendered":"Estaci\u00f3n Meteorol\u00f3gica DAVIS Vantage Pro2 Wireless"},"content":{"rendered":"<p>&#8211; Monitoreo clim\u00e1tico en tiempo real.<br \/>\n&#8211; Mide temperatura, humedad, viento y lluvia.<\/p>\n","protected":false},"excerpt":{"rendered":"<p>Estaci\u00f3n meteorol\u00f3gica inal\u00e1mbrica profesional para monitoreo clim\u00e1tico integral.<\/p>\n","protected":false},"featured_media":545,"comment_status":"open","ping_status":"closed","template":"","meta":{"_et_pb_use_builder":"","_et_pb_old_content":"","_et_gb_content_width":"","_joinchat":[]},"product_brand":[38],"product_cat":[35,20,21],"product_tag":[],"class_list":{"0":"post-247","1":"product","2":"type-product","3":"status-publish","4":"has-post-thumbnail","6":"product_brand-davis","7":"product_cat-destacados","8":"product_cat-monitoreo-climatico","9":"product_cat-estaciones-meteorologicas","11":"first","12":"instock","13":"shipping-taxable","14":"product-type-simple"},"_links":{"self":[{"href":"https:\/\/agronext.com.ar\/index.php\/wp-json\/wp\/v2\/product\/247","targetHints":{"allow":["GET"]}}],"collection":[{"href":"https:\/\/agronext.com.ar\/index.php\/wp-json\/wp\/v2\/product"}],"about":[{"href":"https:\/\/agronext.com.ar\/index.php\/wp-json\/wp\/v2\/types\/product"}],"replies":[{"embeddable":true,"href":"https:\/\/agronext.com.ar\/index.php\/wp-json\/wp\/v2\/comments?post=247"}],"wp:featuredmedia":[{"embeddable":true,"href":"https:\/\/agronext.com.ar\/index.php\/wp-json\/wp\/v2\/media\/545"}],"wp:attachment":[{"href":"https:\/\/agronext.com.ar\/index.php\/wp-json\/wp\/v2\/media?parent=247"}],"wp:term":[{"taxonomy":"product_brand","embeddable":true,"href":"https:\/\/agronext.com.ar\/index.php\/wp-json\/wp\/v2\/product_brand?post=247"},{"taxonomy":"product_cat","embeddable":true,"href":"https:\/\/agronext.com.ar\/index.php\/wp-json\/wp\/v2\/product_cat?post=247"},{"taxonomy":"product_tag","embeddable":true,"href":"https:\/\/agronext.com.ar\/index.php\/wp-json\/wp\/v2\/product_tag?post=247"}],"curies":[{"name":"wp","href":"https:\/\/api.w.org\/{rel}","templated":true}]}}