{"id":259,"date":"2025-03-13T00:11:13","date_gmt":"2025-03-13T03:11:13","guid":{"rendered":"https:\/\/agronext.com.ar\/index.php\/producto\/vantage-pro2-plus-wireless\/"},"modified":"2025-06-26T19:33:01","modified_gmt":"2025-06-26T22:33:01","slug":"vantage-pro2-plus-wireless","status":"publish","type":"product","link":"https:\/\/agronext.com.ar\/index.php\/producto\/vantage-pro2-plus-wireless\/","title":{"rendered":"Vantage Pro2 Plus, Wireless"},"content":{"rendered":"<p>&#8211; Monitoreo avanzado de radiaci\u00f3n solar y UV.<br \/>\n&#8211; Estaci\u00f3n profesional para campos de precisi\u00f3n.<\/p>\n","protected":false},"excerpt":{"rendered":"<p>Estaci\u00f3n inal\u00e1mbrica Vantage Pro2 Plus con sensores UV y radiaci\u00f3n solar.<\/p>\n","protected":false},"featured_media":548,"comment_status":"open","ping_status":"closed","template":"","meta":{"_et_pb_use_builder":"","_et_pb_old_content":"","_et_gb_content_width":"","_joinchat":[]},"product_brand":[],"product_cat":[20,21],"product_tag":[],"class_list":{"0":"post-259","1":"product","2":"type-product","3":"status-publish","4":"has-post-thumbnail","6":"product_cat-monitoreo-climatico","7":"product_cat-estaciones-meteorologicas","9":"first","10":"instock","11":"shipping-taxable","12":"product-type-simple"},"_links":{"self":[{"href":"https:\/\/agronext.com.ar\/index.php\/wp-json\/wp\/v2\/product\/259","targetHints":{"allow":["GET"]}}],"collection":[{"href":"https:\/\/agronext.com.ar\/index.php\/wp-json\/wp\/v2\/product"}],"about":[{"href":"https:\/\/agronext.com.ar\/index.php\/wp-json\/wp\/v2\/types\/product"}],"replies":[{"embeddable":true,"href":"https:\/\/agronext.com.ar\/index.php\/wp-json\/wp\/v2\/comments?post=259"}],"wp:featuredmedia":[{"embeddable":true,"href":"https:\/\/agronext.com.ar\/index.php\/wp-json\/wp\/v2\/media\/548"}],"wp:attachment":[{"href":"https:\/\/agronext.com.ar\/index.php\/wp-json\/wp\/v2\/media?parent=259"}],"wp:term":[{"taxonomy":"product_brand","embeddable":true,"href":"https:\/\/agronext.com.ar\/index.php\/wp-json\/wp\/v2\/product_brand?post=259"},{"taxonomy":"product_cat","embeddable":true,"href":"https:\/\/agronext.com.ar\/index.php\/wp-json\/wp\/v2\/product_cat?post=259"},{"taxonomy":"product_tag","embeddable":true,"href":"https:\/\/agronext.com.ar\/index.php\/wp-json\/wp\/v2\/product_tag?post=259"}],"curies":[{"name":"wp","href":"https:\/\/api.w.org\/{rel}","templated":true}]}}