{"id":261,"date":"2025-03-13T00:11:14","date_gmt":"2025-03-13T03:11:14","guid":{"rendered":"https:\/\/agronext.com.ar\/index.php\/producto\/vantage-pro2-groweather-wireless\/"},"modified":"2025-11-06T15:48:37","modified_gmt":"2025-11-06T18:48:37","slug":"vantage-pro2-groweather-wireless","status":"publish","type":"product","link":"https:\/\/agronext.com.ar\/index.php\/producto\/vantage-pro2-groweather-wireless\/","title":{"rendered":"Estaci\u00f3n Meteorol\u00f3gica Vantage Pro2 GroWeather, Inal\u00e1mbrica"},"content":{"rendered":"<p>&#8211; Mide todos los par\u00e1metros necesarios para optimizar riego y fumigaci\u00f3n en cultivos.<\/p>\n","protected":false},"excerpt":{"rendered":"<p>Estaci\u00f3n agr\u00edcola inal\u00e1mbrica GroWeather con sensores clim\u00e1ticos para cultivos.<\/p>\n","protected":false},"featured_media":549,"comment_status":"open","ping_status":"closed","template":"","meta":{"_et_pb_use_builder":"","_et_pb_old_content":"","_et_gb_content_width":"","_joinchat":[]},"product_brand":[38],"product_cat":[20,21],"product_tag":[],"class_list":{"0":"post-261","1":"product","2":"type-product","3":"status-publish","4":"has-post-thumbnail","6":"product_brand-davis","7":"product_cat-monitoreo-climatico","8":"product_cat-estaciones-meteorologicas","10":"first","11":"instock","12":"shipping-taxable","13":"product-type-simple"},"_links":{"self":[{"href":"https:\/\/agronext.com.ar\/index.php\/wp-json\/wp\/v2\/product\/261","targetHints":{"allow":["GET"]}}],"collection":[{"href":"https:\/\/agronext.com.ar\/index.php\/wp-json\/wp\/v2\/product"}],"about":[{"href":"https:\/\/agronext.com.ar\/index.php\/wp-json\/wp\/v2\/types\/product"}],"replies":[{"embeddable":true,"href":"https:\/\/agronext.com.ar\/index.php\/wp-json\/wp\/v2\/comments?post=261"}],"wp:featuredmedia":[{"embeddable":true,"href":"https:\/\/agronext.com.ar\/index.php\/wp-json\/wp\/v2\/media\/549"}],"wp:attachment":[{"href":"https:\/\/agronext.com.ar\/index.php\/wp-json\/wp\/v2\/media?parent=261"}],"wp:term":[{"taxonomy":"product_brand","embeddable":true,"href":"https:\/\/agronext.com.ar\/index.php\/wp-json\/wp\/v2\/product_brand?post=261"},{"taxonomy":"product_cat","embeddable":true,"href":"https:\/\/agronext.com.ar\/index.php\/wp-json\/wp\/v2\/product_cat?post=261"},{"taxonomy":"product_tag","embeddable":true,"href":"https:\/\/agronext.com.ar\/index.php\/wp-json\/wp\/v2\/product_tag?post=261"}],"curies":[{"name":"wp","href":"https:\/\/api.w.org\/{rel}","templated":true}]}}