{"id":263,"date":"2025-03-13T00:11:15","date_gmt":"2025-03-13T03:11:15","guid":{"rendered":"https:\/\/agronext.com.ar\/index.php\/producto\/weatherlink-console\/"},"modified":"2025-08-20T18:22:12","modified_gmt":"2025-08-20T21:22:12","slug":"weatherlink-console","status":"publish","type":"product","link":"https:\/\/agronext.com.ar\/index.php\/producto\/weatherlink-console\/","title":{"rendered":"Consola WeatherLink"},"content":{"rendered":"","protected":false},"excerpt":{"rendered":"<p>La consola WeatherLink pone todos los datos de su estaci\u00f3n meteorol\u00f3gica Vantage Pro2 o Vantage Vue al alcance de su mano. Un solo dispositivo le brinda acceso instant\u00e1neo a la informaci\u00f3n que necesita y la posibilidad de realizar an\u00e1lisis exhaustivos, todo desde una \u00fanica y pr\u00e1ctica pantalla t\u00e1ctil intuitiva y f\u00e1cil de usar. Desde la visualizaci\u00f3n de datos actuales e hist\u00f3ricos, la creaci\u00f3n de gr\u00e1ficos, la configuraci\u00f3n de alarmas, el c\u00e1lculo de \u00edndices y la revisi\u00f3n de pron\u00f3sticos, la consola WeatherLink le ayuda a monitorear las condiciones para que pueda tomar mejores decisiones sobre sus actividades recreativas, su jard\u00edn, el mantenimiento de su hogar y m\u00e1s.<\/p>\n","protected":false},"featured_media":550,"comment_status":"open","ping_status":"closed","template":"","meta":{"_et_pb_use_builder":"","_et_pb_old_content":"","_et_gb_content_width":"","_joinchat":[]},"product_brand":[],"product_cat":[20,21],"product_tag":[],"class_list":{"0":"post-263","1":"product","2":"type-product","3":"status-publish","4":"has-post-thumbnail","6":"product_cat-monitoreo-climatico","7":"product_cat-estaciones-meteorologicas","9":"first","10":"instock","11":"shipping-taxable","12":"product-type-simple"},"_links":{"self":[{"href":"https:\/\/agronext.com.ar\/index.php\/wp-json\/wp\/v2\/product\/263","targetHints":{"allow":["GET"]}}],"collection":[{"href":"https:\/\/agronext.com.ar\/index.php\/wp-json\/wp\/v2\/product"}],"about":[{"href":"https:\/\/agronext.com.ar\/index.php\/wp-json\/wp\/v2\/types\/product"}],"replies":[{"embeddable":true,"href":"https:\/\/agronext.com.ar\/index.php\/wp-json\/wp\/v2\/comments?post=263"}],"wp:featuredmedia":[{"embeddable":true,"href":"https:\/\/agronext.com.ar\/index.php\/wp-json\/wp\/v2\/media\/550"}],"wp:attachment":[{"href":"https:\/\/agronext.com.ar\/index.php\/wp-json\/wp\/v2\/media?parent=263"}],"wp:term":[{"taxonomy":"product_brand","embeddable":true,"href":"https:\/\/agronext.com.ar\/index.php\/wp-json\/wp\/v2\/product_brand?post=263"},{"taxonomy":"product_cat","embeddable":true,"href":"https:\/\/agronext.com.ar\/index.php\/wp-json\/wp\/v2\/product_cat?post=263"},{"taxonomy":"product_tag","embeddable":true,"href":"https:\/\/agronext.com.ar\/index.php\/wp-json\/wp\/v2\/product_tag?post=263"}],"curies":[{"name":"wp","href":"https:\/\/api.w.org\/{rel}","templated":true}]}}