{"id":266,"date":"2025-03-13T00:11:16","date_gmt":"2025-03-13T03:11:16","guid":{"rendered":"https:\/\/agronext.com.ar\/index.php\/producto\/enviromonitor-cellular-gateway-global-lte-3g-2g-region-a\/"},"modified":"2025-08-20T18:15:29","modified_gmt":"2025-08-20T21:15:29","slug":"enviromonitor-cellular-gateway-global-lte-3g-2g-region-a","status":"publish","type":"product","link":"https:\/\/agronext.com.ar\/index.php\/producto\/enviromonitor-cellular-gateway-global-lte-3g-2g-region-a\/","title":{"rendered":"Gateway Celular EnviroMonitor, Global (LTE)"},"content":{"rendered":"","protected":false},"excerpt":{"rendered":"<p>Davis Instruments es l\u00edder en detecci\u00f3n inteligente para la agricultura. El Davis EnviroMonitor Gateway le permite crear una serie de sensores para monitorear las condiciones microclim\u00e1ticas de sus cultivos. Esto le permite tomar medidas precisas para garantizar el m\u00e1ximo rendimiento. El EnviroMonitor Gateway es un concentrador que permite conectar hasta 32 nodos con cuatro sensores por nodo. Posteriormente, sube autom\u00e1ticamente los datos a la nube mediante una conexi\u00f3n celular, donde puede acceder a ellos para tomar decisiones de gesti\u00f3n de cultivos. El Davis EnviroMonitor Gateway le permite recopilar datos de un conjunto de sensores Vantage Pro2 y de una amplia gama de sensores Davis y de terceros.<\/p>\n","protected":false},"featured_media":552,"comment_status":"open","ping_status":"closed","template":"","meta":{"_et_pb_use_builder":"","_et_pb_old_content":"","_et_gb_content_width":"","_joinchat":[]},"product_brand":[],"product_cat":[20,21],"product_tag":[],"class_list":{"0":"post-266","1":"product","2":"type-product","3":"status-publish","4":"has-post-thumbnail","6":"product_cat-monitoreo-climatico","7":"product_cat-estaciones-meteorologicas","9":"first","10":"instock","11":"shipping-taxable","12":"product-type-simple"},"_links":{"self":[{"href":"https:\/\/agronext.com.ar\/index.php\/wp-json\/wp\/v2\/product\/266","targetHints":{"allow":["GET"]}}],"collection":[{"href":"https:\/\/agronext.com.ar\/index.php\/wp-json\/wp\/v2\/product"}],"about":[{"href":"https:\/\/agronext.com.ar\/index.php\/wp-json\/wp\/v2\/types\/product"}],"replies":[{"embeddable":true,"href":"https:\/\/agronext.com.ar\/index.php\/wp-json\/wp\/v2\/comments?post=266"}],"wp:featuredmedia":[{"embeddable":true,"href":"https:\/\/agronext.com.ar\/index.php\/wp-json\/wp\/v2\/media\/552"}],"wp:attachment":[{"href":"https:\/\/agronext.com.ar\/index.php\/wp-json\/wp\/v2\/media?parent=266"}],"wp:term":[{"taxonomy":"product_brand","embeddable":true,"href":"https:\/\/agronext.com.ar\/index.php\/wp-json\/wp\/v2\/product_brand?post=266"},{"taxonomy":"product_cat","embeddable":true,"href":"https:\/\/agronext.com.ar\/index.php\/wp-json\/wp\/v2\/product_cat?post=266"},{"taxonomy":"product_tag","embeddable":true,"href":"https:\/\/agronext.com.ar\/index.php\/wp-json\/wp\/v2\/product_tag?post=266"}],"curies":[{"name":"wp","href":"https:\/\/api.w.org\/{rel}","templated":true}]}}