{"id":276,"date":"2025-03-13T00:11:23","date_gmt":"2025-03-13T03:11:23","guid":{"rendered":"https:\/\/agronext.com.ar\/index.php\/producto\/weatherlink-live\/"},"modified":"2025-08-20T18:12:43","modified_gmt":"2025-08-20T21:12:43","slug":"weatherlink-live","status":"publish","type":"product","link":"https:\/\/agronext.com.ar\/index.php\/producto\/weatherlink-live\/","title":{"rendered":"WeatherLink Live"},"content":{"rendered":"","protected":false},"excerpt":{"rendered":"<p>Davis WeatherLink Live le permite transmitir datos meteorol\u00f3gicos en vivo desde su estaci\u00f3n meteorol\u00f3gica a la Nube WeatherLink. Como WeatherLink Live carga sus datos a trav\u00e9s de su Wi-Fi, puede ver las actualizaciones en su tel\u00e9fono al instante. Es la soluci\u00f3n perfecta para profesionales, aulas y quienes deseen formar parte de la red WeatherLink. Puede acceder a sus datos desde cualquier tel\u00e9fono inteligente o computadora. WeatherLink Live puede recibir y cargar datos de hasta 8 estaciones meteorol\u00f3gicas Vantage Vue o Vantage Pro2, o de otras estaciones transmisoras Davis, en cualquier combinaci\u00f3n.<\/p>\n","protected":false},"featured_media":551,"comment_status":"open","ping_status":"closed","template":"","meta":{"_et_pb_use_builder":"","_et_pb_old_content":"","_et_gb_content_width":"","_joinchat":[]},"product_brand":[],"product_cat":[20,21],"product_tag":[],"class_list":{"0":"post-276","1":"product","2":"type-product","3":"status-publish","4":"has-post-thumbnail","6":"product_cat-monitoreo-climatico","7":"product_cat-estaciones-meteorologicas","9":"first","10":"instock","11":"shipping-taxable","12":"product-type-simple"},"_links":{"self":[{"href":"https:\/\/agronext.com.ar\/index.php\/wp-json\/wp\/v2\/product\/276","targetHints":{"allow":["GET"]}}],"collection":[{"href":"https:\/\/agronext.com.ar\/index.php\/wp-json\/wp\/v2\/product"}],"about":[{"href":"https:\/\/agronext.com.ar\/index.php\/wp-json\/wp\/v2\/types\/product"}],"replies":[{"embeddable":true,"href":"https:\/\/agronext.com.ar\/index.php\/wp-json\/wp\/v2\/comments?post=276"}],"wp:featuredmedia":[{"embeddable":true,"href":"https:\/\/agronext.com.ar\/index.php\/wp-json\/wp\/v2\/media\/551"}],"wp:attachment":[{"href":"https:\/\/agronext.com.ar\/index.php\/wp-json\/wp\/v2\/media?parent=276"}],"wp:term":[{"taxonomy":"product_brand","embeddable":true,"href":"https:\/\/agronext.com.ar\/index.php\/wp-json\/wp\/v2\/product_brand?post=276"},{"taxonomy":"product_cat","embeddable":true,"href":"https:\/\/agronext.com.ar\/index.php\/wp-json\/wp\/v2\/product_cat?post=276"},{"taxonomy":"product_tag","embeddable":true,"href":"https:\/\/agronext.com.ar\/index.php\/wp-json\/wp\/v2\/product_tag?post=276"}],"curies":[{"name":"wp","href":"https:\/\/api.w.org\/{rel}","templated":true}]}}