{"id":282,"date":"2025-03-13T00:11:26","date_gmt":"2025-03-13T03:11:26","guid":{"rendered":"https:\/\/agronext.com.ar\/index.php\/producto\/airlink-air-quality-monitor\/"},"modified":"2025-12-05T16:38:54","modified_gmt":"2025-12-05T19:38:54","slug":"airlink-air-quality-monitor","status":"publish","type":"product","link":"https:\/\/agronext.com.ar\/index.php\/producto\/airlink-air-quality-monitor\/","title":{"rendered":"AirLink Monitor de calidad de aire"},"content":{"rendered":"","protected":false},"excerpt":{"rendered":"<p>Un monitor de calidad del aire puede ayudarle a tomar medidas para abordar la mala calidad del aire, especialmente para personas especialmente sensibles. El monitor de calidad del aire AirLink\u00ae Professional puede usarse tanto en interiores como en exteriores. El monitor de calidad AirLink proporciona lecturas del \u00edndice de calidad del aire en tiempo real y las env\u00eda a su tel\u00e9fono o computadora. El sensor de calidad del aire mide las part\u00edculas (PM) en el aire seg\u00fan su tama\u00f1o: PM1, PM2.5 y PM10. El medidor de calidad del aire le proporciona informaci\u00f3n en forma de datos y en un gr\u00e1fico con c\u00f3digo de colores f\u00e1cil de entender. AirLink es uno de los mejores monitores de aire del mercado para sus problemas de calidad del aire en el hogar y en exteriores.<\/p>\n","protected":false},"featured_media":858,"comment_status":"open","ping_status":"closed","template":"","meta":{"_et_pb_use_builder":"","_et_pb_old_content":"","_et_gb_content_width":"","_joinchat":[]},"product_brand":[38],"product_cat":[20,27],"product_tag":[],"class_list":{"0":"post-282","1":"product","2":"type-product","3":"status-publish","4":"has-post-thumbnail","6":"product_brand-davis","7":"product_cat-monitoreo-climatico","8":"product_cat-medidores-ambientales","10":"first","11":"instock","12":"shipping-taxable","13":"product-type-simple"},"_links":{"self":[{"href":"https:\/\/agronext.com.ar\/index.php\/wp-json\/wp\/v2\/product\/282","targetHints":{"allow":["GET"]}}],"collection":[{"href":"https:\/\/agronext.com.ar\/index.php\/wp-json\/wp\/v2\/product"}],"about":[{"href":"https:\/\/agronext.com.ar\/index.php\/wp-json\/wp\/v2\/types\/product"}],"replies":[{"embeddable":true,"href":"https:\/\/agronext.com.ar\/index.php\/wp-json\/wp\/v2\/comments?post=282"}],"wp:featuredmedia":[{"embeddable":true,"href":"https:\/\/agronext.com.ar\/index.php\/wp-json\/wp\/v2\/media\/858"}],"wp:attachment":[{"href":"https:\/\/agronext.com.ar\/index.php\/wp-json\/wp\/v2\/media?parent=282"}],"wp:term":[{"taxonomy":"product_brand","embeddable":true,"href":"https:\/\/agronext.com.ar\/index.php\/wp-json\/wp\/v2\/product_brand?post=282"},{"taxonomy":"product_cat","embeddable":true,"href":"https:\/\/agronext.com.ar\/index.php\/wp-json\/wp\/v2\/product_cat?post=282"},{"taxonomy":"product_tag","embeddable":true,"href":"https:\/\/agronext.com.ar\/index.php\/wp-json\/wp\/v2\/product_tag?post=282"}],"curies":[{"name":"wp","href":"https:\/\/api.w.org\/{rel}","templated":true}]}}