{"id":284,"date":"2025-03-13T00:11:27","date_gmt":"2025-03-13T03:11:27","guid":{"rendered":"https:\/\/agronext.com.ar\/index.php\/producto\/anemometer-vantage-pro2-style\/"},"modified":"2025-08-20T18:11:50","modified_gmt":"2025-08-20T21:11:50","slug":"anemometer-vantage-pro2-style","status":"publish","type":"product","link":"https:\/\/agronext.com.ar\/index.php\/producto\/anemometer-vantage-pro2-style\/","title":{"rendered":"Anem\u00f3metro para Vantage Pro2"},"content":{"rendered":"","protected":false},"excerpt":{"rendered":"<p>Mide con precisi\u00f3n la direcci\u00f3n y la velocidad del viento.<br \/>\nProbado en t\u00fanel de viento a 322 km\/h.<br \/>\n\u00daselo con un transmisor de sensor, un nodo EnviroMonitor o como anem\u00f3metro de repuesto para el Vantage Pro2 inal\u00e1mbrico o con cable.<\/p>\n","protected":false},"featured_media":555,"comment_status":"open","ping_status":"closed","template":"","meta":{"_et_pb_use_builder":"","_et_pb_old_content":"","_et_gb_content_width":"","_joinchat":[]},"product_brand":[],"product_cat":[20,21],"product_tag":[],"class_list":{"0":"post-284","1":"product","2":"type-product","3":"status-publish","4":"has-post-thumbnail","6":"product_cat-monitoreo-climatico","7":"product_cat-estaciones-meteorologicas","9":"first","10":"instock","11":"shipping-taxable","12":"product-type-simple"},"_links":{"self":[{"href":"https:\/\/agronext.com.ar\/index.php\/wp-json\/wp\/v2\/product\/284","targetHints":{"allow":["GET"]}}],"collection":[{"href":"https:\/\/agronext.com.ar\/index.php\/wp-json\/wp\/v2\/product"}],"about":[{"href":"https:\/\/agronext.com.ar\/index.php\/wp-json\/wp\/v2\/types\/product"}],"replies":[{"embeddable":true,"href":"https:\/\/agronext.com.ar\/index.php\/wp-json\/wp\/v2\/comments?post=284"}],"wp:featuredmedia":[{"embeddable":true,"href":"https:\/\/agronext.com.ar\/index.php\/wp-json\/wp\/v2\/media\/555"}],"wp:attachment":[{"href":"https:\/\/agronext.com.ar\/index.php\/wp-json\/wp\/v2\/media?parent=284"}],"wp:term":[{"taxonomy":"product_brand","embeddable":true,"href":"https:\/\/agronext.com.ar\/index.php\/wp-json\/wp\/v2\/product_brand?post=284"},{"taxonomy":"product_cat","embeddable":true,"href":"https:\/\/agronext.com.ar\/index.php\/wp-json\/wp\/v2\/product_cat?post=284"},{"taxonomy":"product_tag","embeddable":true,"href":"https:\/\/agronext.com.ar\/index.php\/wp-json\/wp\/v2\/product_tag?post=284"}],"curies":[{"name":"wp","href":"https:\/\/api.w.org\/{rel}","templated":true}]}}