{"id":292,"date":"2025-03-13T00:11:32","date_gmt":"2025-03-13T03:11:32","guid":{"rendered":"https:\/\/agronext.com.ar\/index.php\/producto\/solar-radiation-sensor\/"},"modified":"2025-10-15T09:38:32","modified_gmt":"2025-10-15T12:38:32","slug":"solar-radiation-sensor","status":"publish","type":"product","link":"https:\/\/agronext.com.ar\/index.php\/producto\/solar-radiation-sensor\/","title":{"rendered":"Sensor de radiaci\u00f3n solar"},"content":{"rendered":"","protected":false},"excerpt":{"rendered":"<p>Mide la radiaci\u00f3n solar para la evapotranspiraci\u00f3n (ET) y el \u00edndice de temperatura\/humedad\/sol\/viento (THSW).<br \/>\nEl elemento difusor y la carcasa est\u00e1n cuidadosamente dise\u00f1ados para una respuesta precisa del coseno.<br \/>\nEl fotodiodo de silicio proporciona una buena adaptaci\u00f3n al espectro solar.<\/p>\n","protected":false},"featured_media":558,"comment_status":"open","ping_status":"closed","template":"","meta":{"_et_pb_use_builder":"","_et_pb_old_content":"","_et_gb_content_width":"","_joinchat":[]},"product_brand":[],"product_cat":[37,20,21,28],"product_tag":[],"class_list":{"0":"post-292","1":"product","2":"type-product","3":"status-publish","4":"has-post-thumbnail","6":"product_cat-accesorios-sensores","7":"product_cat-monitoreo-climatico","8":"product_cat-estaciones-meteorologicas","9":"product_cat-repuestos","11":"first","12":"instock","13":"shipping-taxable","14":"product-type-simple"},"_links":{"self":[{"href":"https:\/\/agronext.com.ar\/index.php\/wp-json\/wp\/v2\/product\/292","targetHints":{"allow":["GET"]}}],"collection":[{"href":"https:\/\/agronext.com.ar\/index.php\/wp-json\/wp\/v2\/product"}],"about":[{"href":"https:\/\/agronext.com.ar\/index.php\/wp-json\/wp\/v2\/types\/product"}],"replies":[{"embeddable":true,"href":"https:\/\/agronext.com.ar\/index.php\/wp-json\/wp\/v2\/comments?post=292"}],"wp:featuredmedia":[{"embeddable":true,"href":"https:\/\/agronext.com.ar\/index.php\/wp-json\/wp\/v2\/media\/558"}],"wp:attachment":[{"href":"https:\/\/agronext.com.ar\/index.php\/wp-json\/wp\/v2\/media?parent=292"}],"wp:term":[{"taxonomy":"product_brand","embeddable":true,"href":"https:\/\/agronext.com.ar\/index.php\/wp-json\/wp\/v2\/product_brand?post=292"},{"taxonomy":"product_cat","embeddable":true,"href":"https:\/\/agronext.com.ar\/index.php\/wp-json\/wp\/v2\/product_cat?post=292"},{"taxonomy":"product_tag","embeddable":true,"href":"https:\/\/agronext.com.ar\/index.php\/wp-json\/wp\/v2\/product_tag?post=292"}],"curies":[{"name":"wp","href":"https:\/\/api.w.org\/{rel}","templated":true}]}}