{"id":293,"date":"2025-03-13T00:11:32","date_gmt":"2025-03-13T03:11:32","guid":{"rendered":"https:\/\/agronext.com.ar\/index.php\/producto\/uv-sensor\/"},"modified":"2025-08-20T18:12:04","modified_gmt":"2025-08-20T21:12:04","slug":"uv-sensor","status":"publish","type":"product","link":"https:\/\/agronext.com.ar\/index.php\/producto\/uv-sensor\/","title":{"rendered":"Sensor UV"},"content":{"rendered":"","protected":false},"excerpt":{"rendered":"<p>El sensor de \u00edndice UV de Davis Instruments mide la porci\u00f3n del espectro UV que produce quemaduras solares. Mide la irradiancia UV solar global: la suma de los componentes de la radiaci\u00f3n UV solar transmitida directamente y los dispersados en la atm\u00f3sfera. Reporta el \u00edndice UV, la tasa de dosis y las dosis diarias y acumuladas de luz UV. Este sensor es un excelente complemento para la estaci\u00f3n meteorol\u00f3gica Vantage Pro2. Adem\u00e1s, puede instalarse en un transmisor de sensor, que informa a WeatherLink Live, o en un nodo EnviroMonitor, que informa a una puerta de enlace EnviroMonitor.<br \/>\nUn sensor UV es una excelente opci\u00f3n para complementar su arsenal de sensores meteorol\u00f3gicos. Un sensor de radiaci\u00f3n UV es \u00fatil para quienes desean reducir la exposici\u00f3n a la radiaci\u00f3n UV, pero tambi\u00e9n es necesario en ciertos entornos de prueba. Para las empresas que fabrican productos sensibles a la luz UV, un sensor de luz UV es una herramienta \u00fatil para crear entornos \u00f3ptimos de almacenamiento.<\/p>\n<p>&nbsp;<\/p>\n","protected":false},"featured_media":559,"comment_status":"open","ping_status":"closed","template":"","meta":{"_et_pb_use_builder":"","_et_pb_old_content":"","_et_gb_content_width":"","_joinchat":[]},"product_brand":[],"product_cat":[20,21],"product_tag":[],"class_list":{"0":"post-293","1":"product","2":"type-product","3":"status-publish","4":"has-post-thumbnail","6":"product_cat-monitoreo-climatico","7":"product_cat-estaciones-meteorologicas","9":"first","10":"instock","11":"shipping-taxable","12":"product-type-simple"},"_links":{"self":[{"href":"https:\/\/agronext.com.ar\/index.php\/wp-json\/wp\/v2\/product\/293","targetHints":{"allow":["GET"]}}],"collection":[{"href":"https:\/\/agronext.com.ar\/index.php\/wp-json\/wp\/v2\/product"}],"about":[{"href":"https:\/\/agronext.com.ar\/index.php\/wp-json\/wp\/v2\/types\/product"}],"replies":[{"embeddable":true,"href":"https:\/\/agronext.com.ar\/index.php\/wp-json\/wp\/v2\/comments?post=293"}],"wp:featuredmedia":[{"embeddable":true,"href":"https:\/\/agronext.com.ar\/index.php\/wp-json\/wp\/v2\/media\/559"}],"wp:attachment":[{"href":"https:\/\/agronext.com.ar\/index.php\/wp-json\/wp\/v2\/media?parent=293"}],"wp:term":[{"taxonomy":"product_brand","embeddable":true,"href":"https:\/\/agronext.com.ar\/index.php\/wp-json\/wp\/v2\/product_brand?post=293"},{"taxonomy":"product_cat","embeddable":true,"href":"https:\/\/agronext.com.ar\/index.php\/wp-json\/wp\/v2\/product_cat?post=293"},{"taxonomy":"product_tag","embeddable":true,"href":"https:\/\/agronext.com.ar\/index.php\/wp-json\/wp\/v2\/product_tag?post=293"}],"curies":[{"name":"wp","href":"https:\/\/api.w.org\/{rel}","templated":true}]}}