{"id":296,"date":"2025-03-13T00:11:34","date_gmt":"2025-03-13T03:11:34","guid":{"rendered":"https:\/\/agronext.com.ar\/index.php\/producto\/vantage-pro2-plus-sensor-upgrade-kit\/"},"modified":"2025-11-28T15:54:33","modified_gmt":"2025-11-28T18:54:33","slug":"vantage-pro2-plus-sensor-upgrade-kit","status":"publish","type":"product","link":"https:\/\/agronext.com.ar\/index.php\/producto\/vantage-pro2-plus-sensor-upgrade-kit\/","title":{"rendered":"Kit de actualizaci\u00f3n Vantage Pro 2"},"content":{"rendered":"<p><span class=\"HwtZe\" lang=\"es\"><span class=\"jCAhz ChMk0b\"><span class=\"ryNqvb\">Kit de actualizaci\u00f3n Vantage Pro2 Plus.<\/span><\/span> <span class=\"jCAhz ChMk0b\"><span class=\"ryNqvb\">Ahorre m\u00e1s de U$S100 en comparaci\u00f3n con la compra de cada componente por separado.<\/span><\/span><span class=\"jCAhz ChMk0b\"><span class=\"ryNqvb\"> Convierta su Vantage Pro2 en un Vantage Pro2 Plus con este kit de actualizaci\u00f3n.<\/span><\/span> <span class=\"jCAhz ChMk0b\"><span class=\"ryNqvb\">El kit incluye un sensor UV, un sensor de radiaci\u00f3n solar y un soporte para sensores en una estaci\u00f3n meteorol\u00f3gica Vantage Pro2.<\/span><\/span> <span class=\"jCAhz ChMk0b\"><span class=\"ryNqvb\">Incluye herrajes de montaje.<\/span><\/span> <span class=\"jCAhz ChMk0b\"><span class=\"ryNqvb\">Requiere ensamblaje.<\/span><\/span><span class=\"jCAhz ChMk0b\"><span class=\"ryNqvb\"> Un sensor de radiaci\u00f3n UV es \u00fatil para quienes desean reducir la exposici\u00f3n a la radiaci\u00f3n UV, pero tambi\u00e9n es necesario en ciertos entornos de prueba.<\/span><\/span> <span class=\"jCAhz ChMk0b\"><span class=\"ryNqvb\">Para las empresas que fabrican productos sensibles a la luz UV, un sensor de luz UV es una herramienta \u00fatil para crear entornos \u00f3ptimos de almacenamiento.<\/span><\/span><span class=\"jCAhz ChMk0b\"><span class=\"ryNqvb\"> Un sensor de radiaci\u00f3n solar mide la radiaci\u00f3n solar para la evapotranspiraci\u00f3n (ET) y el \u00edndice de temperatura\/humedad\/sol\/viento (THSW).<\/span><\/span> <span class=\"jCAhz ChMk0b\"><span class=\"ryNqvb\">El elemento difusor y la carcasa est\u00e1n cuidadosamente dise\u00f1ados para una respuesta precisa del coseno, y el fotodiodo de silicio proporciona una buena adaptaci\u00f3n al espectro solar.<\/span><\/span><\/span><\/p>\n","protected":false},"excerpt":{"rendered":"<div class=\"n4sEPd\">\n<div class=\"FFpbKc\">\n<div class=\"xMmqsf\">Kit de actualizaci\u00f3n para estaci\u00f3n Davis Vantage Pro 2<\/div>\n<\/div>\n<\/div>\n","protected":false},"featured_media":560,"comment_status":"open","ping_status":"closed","template":"","meta":{"_et_pb_use_builder":"","_et_pb_old_content":"","_et_gb_content_width":"","_joinchat":[]},"product_brand":[38],"product_cat":[20,21],"product_tag":[],"class_list":{"0":"post-296","1":"product","2":"type-product","3":"status-publish","4":"has-post-thumbnail","6":"product_brand-davis","7":"product_cat-monitoreo-climatico","8":"product_cat-estaciones-meteorologicas","10":"first","11":"instock","12":"shipping-taxable","13":"product-type-simple"},"_links":{"self":[{"href":"https:\/\/agronext.com.ar\/index.php\/wp-json\/wp\/v2\/product\/296","targetHints":{"allow":["GET"]}}],"collection":[{"href":"https:\/\/agronext.com.ar\/index.php\/wp-json\/wp\/v2\/product"}],"about":[{"href":"https:\/\/agronext.com.ar\/index.php\/wp-json\/wp\/v2\/types\/product"}],"replies":[{"embeddable":true,"href":"https:\/\/agronext.com.ar\/index.php\/wp-json\/wp\/v2\/comments?post=296"}],"wp:featuredmedia":[{"embeddable":true,"href":"https:\/\/agronext.com.ar\/index.php\/wp-json\/wp\/v2\/media\/560"}],"wp:attachment":[{"href":"https:\/\/agronext.com.ar\/index.php\/wp-json\/wp\/v2\/media?parent=296"}],"wp:term":[{"taxonomy":"product_brand","embeddable":true,"href":"https:\/\/agronext.com.ar\/index.php\/wp-json\/wp\/v2\/product_brand?post=296"},{"taxonomy":"product_cat","embeddable":true,"href":"https:\/\/agronext.com.ar\/index.php\/wp-json\/wp\/v2\/product_cat?post=296"},{"taxonomy":"product_tag","embeddable":true,"href":"https:\/\/agronext.com.ar\/index.php\/wp-json\/wp\/v2\/product_tag?post=296"}],"curies":[{"name":"wp","href":"https:\/\/api.w.org\/{rel}","templated":true}]}}