{"id":327,"date":"2025-03-13T00:11:49","date_gmt":"2025-03-13T03:11:49","guid":{"rendered":"https:\/\/agronext.com.ar\/index.php\/producto\/mounting-tripod-with-three-18-50-cm-lag-bolts\/"},"modified":"2025-10-15T09:41:17","modified_gmt":"2025-10-15T12:41:17","slug":"mounting-tripod-with-three-18-50-cm-lag-bolts","status":"publish","type":"product","link":"https:\/\/agronext.com.ar\/index.php\/producto\/mounting-tripod-with-three-18-50-cm-lag-bolts\/","title":{"rendered":"Tr\u00edpode de montaje con tres pernos tirafondo de 18&#8243; (50 cm)"},"content":{"rendered":"<p>Utilice un tr\u00edpode de montaje para su Vantage Pro2 o Vantage Vue para facilitar a\u00fan m\u00e1s la instalaci\u00f3n. Resulta pr\u00e1ctico para montar otros productos Davis, como transmisores de sensores, puertas de enlace celulares EnviroMonitor y nodos EnviroMonitor.<br \/>\nEl tr\u00edpode de montaje con tirafondos opcionales es ideal para el montaje en el suelo de sus estaciones y sensores.<br \/>\nFabricado en acero galvanizado.<\/p>\n","protected":false},"excerpt":{"rendered":"<p>Utilice un tr\u00edpode de montaje para su Vantage Pro2 o Vantage Vue para facilitar a\u00fan m\u00e1s la instalaci\u00f3n. Resulta pr\u00e1ctico para montar otros productos Davis, como transmisores de sensores, puertas de enlace celulares EnviroMonitor y nodos EnviroMonitor. El tr\u00edpode de montaje con tirafondos opcionales es ideal para el montaje en el suelo de sus estaciones [&hellip;]<\/p>\n","protected":false},"featured_media":0,"comment_status":"open","ping_status":"closed","template":"","meta":{"_et_pb_use_builder":"","_et_pb_old_content":"","_et_gb_content_width":"","_joinchat":[]},"product_brand":[],"product_cat":[37,28],"product_tag":[],"class_list":{"0":"post-327","1":"product","2":"type-product","3":"status-publish","5":"product_cat-accesorios-sensores","6":"product_cat-repuestos","8":"first","9":"instock","10":"shipping-taxable","11":"product-type-simple"},"_links":{"self":[{"href":"https:\/\/agronext.com.ar\/index.php\/wp-json\/wp\/v2\/product\/327","targetHints":{"allow":["GET"]}}],"collection":[{"href":"https:\/\/agronext.com.ar\/index.php\/wp-json\/wp\/v2\/product"}],"about":[{"href":"https:\/\/agronext.com.ar\/index.php\/wp-json\/wp\/v2\/types\/product"}],"replies":[{"embeddable":true,"href":"https:\/\/agronext.com.ar\/index.php\/wp-json\/wp\/v2\/comments?post=327"}],"wp:attachment":[{"href":"https:\/\/agronext.com.ar\/index.php\/wp-json\/wp\/v2\/media?parent=327"}],"wp:term":[{"taxonomy":"product_brand","embeddable":true,"href":"https:\/\/agronext.com.ar\/index.php\/wp-json\/wp\/v2\/product_brand?post=327"},{"taxonomy":"product_cat","embeddable":true,"href":"https:\/\/agronext.com.ar\/index.php\/wp-json\/wp\/v2\/product_cat?post=327"},{"taxonomy":"product_tag","embeddable":true,"href":"https:\/\/agronext.com.ar\/index.php\/wp-json\/wp\/v2\/product_tag?post=327"}],"curies":[{"name":"wp","href":"https:\/\/api.w.org\/{rel}","templated":true}]}}