{"id":334,"date":"2025-03-13T00:11:54","date_gmt":"2025-03-13T03:11:54","guid":{"rendered":"https:\/\/agronext.com.ar\/index.php\/producto\/radiation-shield\/"},"modified":"2025-11-28T15:53:27","modified_gmt":"2025-11-28T18:53:27","slug":"radiation-shield","status":"publish","type":"product","link":"https:\/\/agronext.com.ar\/index.php\/producto\/radiation-shield\/","title":{"rendered":"Escudo de radiaci\u00f3n"},"content":{"rendered":"","protected":false},"excerpt":{"rendered":"<p>Una sonda de temperatura expuesta a la luz solar directa o a una fuente de calor radiante, como un edificio o hormig\u00f3n, no proporcionar\u00e1 lecturas precisas de la temperatura del aire. Este protector contra la radiaci\u00f3n es el protector pasivo m\u00e1s eficaz disponible. Construcci\u00f3n multiplaca para un flujo de aire m\u00e1ximo. Requiere ensamblaje. Se puede montar en una tuber\u00eda met\u00e1lica o una superficie de madera.<br \/>\n\u00daselo con la estaci\u00f3n de temperatura inal\u00e1mbrica o la estaci\u00f3n de humedad\/temperatura de hojas y suelo y con todos los sensores de temperatura utilizados para medir la temperatura del aire.<\/p>\n","protected":false},"featured_media":348,"comment_status":"open","ping_status":"closed","template":"","meta":{"_et_pb_use_builder":"","_et_pb_old_content":"","_et_gb_content_width":"","_joinchat":[]},"product_brand":[38],"product_cat":[37,20],"product_tag":[],"class_list":{"0":"post-334","1":"product","2":"type-product","3":"status-publish","4":"has-post-thumbnail","6":"product_brand-davis","7":"product_cat-accesorios-sensores","8":"product_cat-monitoreo-climatico","10":"first","11":"instock","12":"shipping-taxable","13":"product-type-simple"},"_links":{"self":[{"href":"https:\/\/agronext.com.ar\/index.php\/wp-json\/wp\/v2\/product\/334","targetHints":{"allow":["GET"]}}],"collection":[{"href":"https:\/\/agronext.com.ar\/index.php\/wp-json\/wp\/v2\/product"}],"about":[{"href":"https:\/\/agronext.com.ar\/index.php\/wp-json\/wp\/v2\/types\/product"}],"replies":[{"embeddable":true,"href":"https:\/\/agronext.com.ar\/index.php\/wp-json\/wp\/v2\/comments?post=334"}],"wp:featuredmedia":[{"embeddable":true,"href":"https:\/\/agronext.com.ar\/index.php\/wp-json\/wp\/v2\/media\/348"}],"wp:attachment":[{"href":"https:\/\/agronext.com.ar\/index.php\/wp-json\/wp\/v2\/media?parent=334"}],"wp:term":[{"taxonomy":"product_brand","embeddable":true,"href":"https:\/\/agronext.com.ar\/index.php\/wp-json\/wp\/v2\/product_brand?post=334"},{"taxonomy":"product_cat","embeddable":true,"href":"https:\/\/agronext.com.ar\/index.php\/wp-json\/wp\/v2\/product_cat?post=334"},{"taxonomy":"product_tag","embeddable":true,"href":"https:\/\/agronext.com.ar\/index.php\/wp-json\/wp\/v2\/product_tag?post=334"}],"curies":[{"name":"wp","href":"https:\/\/api.w.org\/{rel}","templated":true}]}}