{"id":336,"date":"2025-03-13T00:11:55","date_gmt":"2025-03-13T03:11:55","guid":{"rendered":"https:\/\/agronext.com.ar\/index.php\/producto\/24-hour-fan-aspirated-radiation-shield-no-sensor\/"},"modified":"2025-11-28T15:51:22","modified_gmt":"2025-11-28T18:51:22","slug":"24-hour-fan-aspirated-radiation-shield-no-sensor","status":"publish","type":"product","link":"https:\/\/agronext.com.ar\/index.php\/producto\/24-hour-fan-aspirated-radiation-shield-no-sensor\/","title":{"rendered":"Protector de radiaci\u00f3n aspirado por ventilador de 24 horas, sin sensor"},"content":{"rendered":"","protected":false},"excerpt":{"rendered":"<p>Un ventilador motorizado genera un flujo de aire constante a trav\u00e9s de la c\u00e1mara del sensor a 2,5 m\/s (500 pies por minuto). Por la noche, cuando los efectos de la radiaci\u00f3n son menores, este modelo solar funciona con bater\u00eda y el flujo de aire se reduce a 1,4 m\/s (280 pies por minuto). Instale su propio sensor en la c\u00e1mara. C\u00e1mara del sensor: 56,8 mm x 76,2 mm (2,24&#8243; x 3&#8243;). Incluye 10 placas, bater\u00edas recargables, accesorios de montaje y un cable de 7,6 m (25 pies).<\/p>\n","protected":false},"featured_media":347,"comment_status":"open","ping_status":"closed","template":"","meta":{"_et_pb_use_builder":"","_et_pb_old_content":"","_et_gb_content_width":"","_joinchat":[]},"product_brand":[38],"product_cat":[20,21],"product_tag":[],"class_list":{"0":"post-336","1":"product","2":"type-product","3":"status-publish","4":"has-post-thumbnail","6":"product_brand-davis","7":"product_cat-monitoreo-climatico","8":"product_cat-estaciones-meteorologicas","10":"first","11":"instock","12":"shipping-taxable","13":"product-type-simple"},"_links":{"self":[{"href":"https:\/\/agronext.com.ar\/index.php\/wp-json\/wp\/v2\/product\/336","targetHints":{"allow":["GET"]}}],"collection":[{"href":"https:\/\/agronext.com.ar\/index.php\/wp-json\/wp\/v2\/product"}],"about":[{"href":"https:\/\/agronext.com.ar\/index.php\/wp-json\/wp\/v2\/types\/product"}],"replies":[{"embeddable":true,"href":"https:\/\/agronext.com.ar\/index.php\/wp-json\/wp\/v2\/comments?post=336"}],"wp:featuredmedia":[{"embeddable":true,"href":"https:\/\/agronext.com.ar\/index.php\/wp-json\/wp\/v2\/media\/347"}],"wp:attachment":[{"href":"https:\/\/agronext.com.ar\/index.php\/wp-json\/wp\/v2\/media?parent=336"}],"wp:term":[{"taxonomy":"product_brand","embeddable":true,"href":"https:\/\/agronext.com.ar\/index.php\/wp-json\/wp\/v2\/product_brand?post=336"},{"taxonomy":"product_cat","embeddable":true,"href":"https:\/\/agronext.com.ar\/index.php\/wp-json\/wp\/v2\/product_cat?post=336"},{"taxonomy":"product_tag","embeddable":true,"href":"https:\/\/agronext.com.ar\/index.php\/wp-json\/wp\/v2\/product_tag?post=336"}],"curies":[{"name":"wp","href":"https:\/\/api.w.org\/{rel}","templated":true}]}}