{"id":562,"date":"2025-06-26T23:52:09","date_gmt":"2025-06-27T02:52:09","guid":{"rendered":"https:\/\/agronext.com.ar\/?post_type=product&#038;p=562"},"modified":"2025-10-10T17:09:53","modified_gmt":"2025-10-10T20:09:53","slug":"xtpro-gps-caravana-electronica-satelital","status":"publish","type":"product","link":"https:\/\/agronext.com.ar\/index.php\/producto\/xtpro-gps-caravana-electronica-satelital\/","title":{"rendered":"XTPro GPS Caravana Electr\u00f3nica Satelital"},"content":{"rendered":"<ul>\n<li>\n<h4 data-start=\"217\" data-end=\"254\"><strong data-start=\"222\" data-end=\"254\">Especificaciones principales<\/strong><\/h4>\n<ul data-start=\"255\" data-end=\"403\">\n<li data-start=\"255\" data-end=\"289\">\n<p data-start=\"257\" data-end=\"289\">Conexi\u00f3n entre caravanas electr\u00edcas mediante Bluetooth.<\/p>\n<\/li>\n<li data-start=\"255\" data-end=\"289\">\n<p data-start=\"257\" data-end=\"289\">Energ\u00eda por panel solar.<\/p>\n<\/li>\n<li data-start=\"255\" data-end=\"289\">\n<p data-start=\"257\" data-end=\"289\">Descarga de datos por conexi\u00f3n celular o satelital.<\/p>\n<\/li>\n<li data-start=\"255\" data-end=\"289\">\n<p data-start=\"257\" data-end=\"289\">Reporte de actividad (pastoreo, rumia, caminando, descando\/hechada, etc.).<\/p>\n<\/li>\n<li data-start=\"255\" data-end=\"289\">\n<p data-start=\"257\" data-end=\"289\">Detecci\u00f3n de celo.<\/p>\n<\/li>\n<li data-start=\"255\" data-end=\"289\">\n<p data-start=\"257\" data-end=\"289\">Capacidad de servicio de los toros.<\/p>\n<\/li>\n<li data-start=\"255\" data-end=\"289\">\n<p data-start=\"257\" data-end=\"289\">Fertilidad de los toros.<\/p>\n<\/li>\n<li data-start=\"255\" data-end=\"289\">\n<p data-start=\"257\" data-end=\"289\">Alerta de pre\u00f1ez e identidad del toro padre.<\/p>\n<\/li>\n<li data-start=\"255\" data-end=\"289\">\n<p data-start=\"257\" data-end=\"289\">Alerta por enfermedad.<\/p>\n<\/li>\n<li data-start=\"255\" data-end=\"289\">\n<p data-start=\"257\" data-end=\"289\">Alerta de parto.<\/p>\n<\/li>\n<li data-start=\"255\" data-end=\"289\">\n<p data-start=\"257\" data-end=\"289\">Trazabilidad por GPS, localizaci\u00f3n inmediata y seguimiento individual.<\/p>\n<\/li>\n<li data-start=\"255\" data-end=\"289\">\n<p data-start=\"257\" data-end=\"289\">Alerta por robo.<\/p>\n<\/li>\n<\/ul>\n<\/li>\n<\/ul>\n","protected":false},"excerpt":{"rendered":"<p>El <strong data-start=\"3\" data-end=\"16\">xTpro tag<\/strong> de 701x es un dispositivo de identificaci\u00f3n electr\u00f3nica con GPS para ganado, que permite monitorear en tiempo real la ubicaci\u00f3n, actividad, salud y comportamiento reproductivo de cada animal, sin necesidad de antenas o estaciones base.<\/p>\n","protected":false},"featured_media":564,"comment_status":"open","ping_status":"closed","template":"","meta":{"_et_pb_use_builder":"","_et_pb_old_content":"","_et_gb_content_width":"","_joinchat":[]},"product_brand":[],"product_cat":[33],"product_tag":[],"class_list":{"0":"post-562","1":"product","2":"type-product","3":"status-publish","4":"has-post-thumbnail","6":"product_cat-monitoreo-animal","8":"first","9":"instock","10":"shipping-taxable","11":"product-type-simple"},"_links":{"self":[{"href":"https:\/\/agronext.com.ar\/index.php\/wp-json\/wp\/v2\/product\/562","targetHints":{"allow":["GET"]}}],"collection":[{"href":"https:\/\/agronext.com.ar\/index.php\/wp-json\/wp\/v2\/product"}],"about":[{"href":"https:\/\/agronext.com.ar\/index.php\/wp-json\/wp\/v2\/types\/product"}],"replies":[{"embeddable":true,"href":"https:\/\/agronext.com.ar\/index.php\/wp-json\/wp\/v2\/comments?post=562"}],"wp:featuredmedia":[{"embeddable":true,"href":"https:\/\/agronext.com.ar\/index.php\/wp-json\/wp\/v2\/media\/564"}],"wp:attachment":[{"href":"https:\/\/agronext.com.ar\/index.php\/wp-json\/wp\/v2\/media?parent=562"}],"wp:term":[{"taxonomy":"product_brand","embeddable":true,"href":"https:\/\/agronext.com.ar\/index.php\/wp-json\/wp\/v2\/product_brand?post=562"},{"taxonomy":"product_cat","embeddable":true,"href":"https:\/\/agronext.com.ar\/index.php\/wp-json\/wp\/v2\/product_cat?post=562"},{"taxonomy":"product_tag","embeddable":true,"href":"https:\/\/agronext.com.ar\/index.php\/wp-json\/wp\/v2\/product_tag?post=562"}],"curies":[{"name":"wp","href":"https:\/\/api.w.org\/{rel}","templated":true}]}}