{"id":565,"date":"2025-06-27T00:01:25","date_gmt":"2025-06-27T03:01:25","guid":{"rendered":"https:\/\/agronext.com.ar\/?post_type=product&#038;p=565"},"modified":"2025-10-10T17:19:34","modified_gmt":"2025-10-10T20:19:34","slug":"xtlite-caravana-electronica-smart","status":"publish","type":"product","link":"https:\/\/agronext.com.ar\/index.php\/producto\/xtlite-caravana-electronica-smart\/","title":{"rendered":"XTLite Caravana Electr\u00f3nica Smart"},"content":{"rendered":"<h4 data-start=\"217\" data-end=\"254\"><strong data-start=\"222\" data-end=\"254\">Especificaciones principales:<\/strong><\/h4>\n<ul>\n<li style=\"list-style-type: none;\">\n<ul data-start=\"255\" data-end=\"403\">\n<li data-start=\"255\" data-end=\"289\">Conexion entre caravanas electr\u00edcas mediante Bluetooth.<\/li>\n<li data-start=\"255\" data-end=\"289\">Carvana electr\u00f3nica de baja frecuencia RFID.<\/li>\n<li data-start=\"255\" data-end=\"289\">Reporte de actividad (pastoreo, rumia, caminando, descando\/hechada, etc.).<\/li>\n<li data-start=\"255\" data-end=\"289\">Alerta por enfermedad.<\/li>\n<li data-start=\"255\" data-end=\"289\">Trazabilidad por GPS, localizaci\u00f3n inmediata y seguimiento individual.<\/li>\n<li data-start=\"255\" data-end=\"289\">Alerta por robo.<\/li>\n<\/ul>\n<\/li>\n<\/ul>\n","protected":false},"excerpt":{"rendered":"<p>Ahora con alertas de salud para el <strong data-start=\"35\" data-end=\"45\">xTlite<\/strong>: monitore\u00e1 los niveles de actividad y detect\u00e1 problemas de salud antes de que aparezcan los s\u00edntomas<\/p>\n","protected":false},"featured_media":566,"comment_status":"open","ping_status":"closed","template":"","meta":{"_et_pb_use_builder":"","_et_pb_old_content":"","_et_gb_content_width":"","_joinchat":[]},"product_brand":[],"product_cat":[33],"product_tag":[],"class_list":{"0":"post-565","1":"product","2":"type-product","3":"status-publish","4":"has-post-thumbnail","6":"product_cat-monitoreo-animal","8":"first","9":"instock","10":"shipping-taxable","11":"product-type-simple"},"_links":{"self":[{"href":"https:\/\/agronext.com.ar\/index.php\/wp-json\/wp\/v2\/product\/565","targetHints":{"allow":["GET"]}}],"collection":[{"href":"https:\/\/agronext.com.ar\/index.php\/wp-json\/wp\/v2\/product"}],"about":[{"href":"https:\/\/agronext.com.ar\/index.php\/wp-json\/wp\/v2\/types\/product"}],"replies":[{"embeddable":true,"href":"https:\/\/agronext.com.ar\/index.php\/wp-json\/wp\/v2\/comments?post=565"}],"wp:featuredmedia":[{"embeddable":true,"href":"https:\/\/agronext.com.ar\/index.php\/wp-json\/wp\/v2\/media\/566"}],"wp:attachment":[{"href":"https:\/\/agronext.com.ar\/index.php\/wp-json\/wp\/v2\/media?parent=565"}],"wp:term":[{"taxonomy":"product_brand","embeddable":true,"href":"https:\/\/agronext.com.ar\/index.php\/wp-json\/wp\/v2\/product_brand?post=565"},{"taxonomy":"product_cat","embeddable":true,"href":"https:\/\/agronext.com.ar\/index.php\/wp-json\/wp\/v2\/product_cat?post=565"},{"taxonomy":"product_tag","embeddable":true,"href":"https:\/\/agronext.com.ar\/index.php\/wp-json\/wp\/v2\/product_tag?post=565"}],"curies":[{"name":"wp","href":"https:\/\/api.w.org\/{rel}","templated":true}]}}