{"id":567,"date":"2025-06-27T00:07:12","date_gmt":"2025-06-27T03:07:12","guid":{"rendered":"https:\/\/agronext.com.ar\/?post_type=product&#038;p=567"},"modified":"2025-10-15T09:31:01","modified_gmt":"2025-10-15T12:31:01","slug":"caravana-electronica-smart-lfid","status":"publish","type":"product","link":"https:\/\/agronext.com.ar\/index.php\/producto\/caravana-electronica-smart-lfid\/","title":{"rendered":"Lector de caravana electr\u00f3nica Smart LFID tipo bast\u00f3n"},"content":{"rendered":"<article class=\"text-token-text-primary w-full\" dir=\"auto\" data-testid=\"conversation-turn-8\" data-scroll-anchor=\"true\">\n<div class=\"text-base my-auto mx-auto py-5 [--thread-content-margin:--spacing(4)] @[37rem]:[--thread-content-margin:--spacing(6)] @[72rem]:[--thread-content-margin:--spacing(16)] px-(--thread-content-margin)\">\n<div class=\"[--thread-content-max-width:32rem] @[34rem]:[--thread-content-max-width:40rem] @[64rem]:[--thread-content-max-width:48rem] mx-auto flex max-w-(--thread-content-max-width) flex-1 text-base gap-4 md:gap-5 lg:gap-6 group\/turn-messages focus-visible:outline-hidden\" tabindex=\"-1\">\n<div class=\"group\/conversation-turn relative flex w-full min-w-0 flex-col agent-turn\">\n<div class=\"relative flex-col gap-1 md:gap-3\">\n<div class=\"flex max-w-full flex-col grow\">\n<div class=\"min-h-8 text-message relative flex w-full flex-col items-end gap-2 text-start break-words whitespace-normal [.text-message+&amp;]:mt-5\" dir=\"auto\" data-message-author-role=\"assistant\" data-message-id=\"892850f0-3ba7-4ed1-9219-ea823bd0f1da\" data-message-model-slug=\"gpt-4o\">\n<div class=\"flex w-full flex-col gap-1 empty:hidden first:pt-[3px]\">\n<div class=\"markdown prose dark:prose-invert w-full break-words light\">\n<p data-start=\"0\" data-end=\"320\" data-is-last-node=\"\" data-is-only-node=\"\">Este lector EID inal\u00e1mbrico se conecta directamente a tu dispositivo m\u00f3vil.<br data-start=\"75\" data-end=\"78\" \/>Te permite escanear tags EID y acceder al registro del animal en nuestra app de manejo ganadero.<br data-start=\"174\" data-end=\"177\" \/>Agreg\u00e1 y edit\u00e1 registros al instante junto al brete, en modo de trabajo con ganado,<br data-start=\"260\" data-end=\"263\" \/>eliminando la necesidad de importar o exportar planillas.<\/p>\n<p>NO m\u00e1s entrada manual de los datos y errones de tipeo<\/p>\n<\/div>\n<\/div>\n<\/div>\n<\/div>\n<\/div>\n<\/div>\n<\/div>\n<\/div>\n<\/article>\n","protected":false},"excerpt":{"rendered":"<p>Este lector EID inal\u00e1mbrico se conecta directamente a tu dispositivo m\u00f3vil.Te permite escanear tags EID y acceder al registro del animal en nuestra app de manejo ganadero.Agreg\u00e1 y edit\u00e1 registros al instante junto al brete, en modo de trabajo con ganado,eliminando la necesidad de importar o exportar planillas. NO m\u00e1s entrada manual de los datos [&hellip;]<\/p>\n","protected":false},"featured_media":568,"comment_status":"open","ping_status":"closed","template":"","meta":{"_et_pb_use_builder":"","_et_pb_old_content":"","_et_gb_content_width":"","_joinchat":[]},"product_brand":[],"product_cat":[33],"product_tag":[],"class_list":{"0":"post-567","1":"product","2":"type-product","3":"status-publish","4":"has-post-thumbnail","6":"product_cat-monitoreo-animal","8":"first","9":"instock","10":"shipping-taxable","11":"product-type-simple"},"_links":{"self":[{"href":"https:\/\/agronext.com.ar\/index.php\/wp-json\/wp\/v2\/product\/567","targetHints":{"allow":["GET"]}}],"collection":[{"href":"https:\/\/agronext.com.ar\/index.php\/wp-json\/wp\/v2\/product"}],"about":[{"href":"https:\/\/agronext.com.ar\/index.php\/wp-json\/wp\/v2\/types\/product"}],"replies":[{"embeddable":true,"href":"https:\/\/agronext.com.ar\/index.php\/wp-json\/wp\/v2\/comments?post=567"}],"wp:featuredmedia":[{"embeddable":true,"href":"https:\/\/agronext.com.ar\/index.php\/wp-json\/wp\/v2\/media\/568"}],"wp:attachment":[{"href":"https:\/\/agronext.com.ar\/index.php\/wp-json\/wp\/v2\/media?parent=567"}],"wp:term":[{"taxonomy":"product_brand","embeddable":true,"href":"https:\/\/agronext.com.ar\/index.php\/wp-json\/wp\/v2\/product_brand?post=567"},{"taxonomy":"product_cat","embeddable":true,"href":"https:\/\/agronext.com.ar\/index.php\/wp-json\/wp\/v2\/product_cat?post=567"},{"taxonomy":"product_tag","embeddable":true,"href":"https:\/\/agronext.com.ar\/index.php\/wp-json\/wp\/v2\/product_tag?post=567"}],"curies":[{"name":"wp","href":"https:\/\/api.w.org\/{rel}","templated":true}]}}