{"id":571,"date":"2025-06-27T00:18:09","date_gmt":"2025-06-27T03:18:09","guid":{"rendered":"https:\/\/agronext.com.ar\/?post_type=product&#038;p=571"},"modified":"2025-10-10T17:14:38","modified_gmt":"2025-10-10T20:14:38","slug":"lector-de-carvanas-uhfid","status":"publish","type":"product","link":"https:\/\/agronext.com.ar\/index.php\/producto\/lector-de-carvanas-uhfid\/","title":{"rendered":"Lector de caravanas UHFID"},"content":{"rendered":"<p><strong data-start=\"0\" data-end=\"84\" data-is-only-node=\"\">Lectura RFID de primer nivel con plataforma Android 10.0 y esc\u00e1ner 2D integrado.<\/strong><br data-start=\"84\" data-end=\"87\" \/>El lector port\u00e1til <strong data-start=\"106\" data-end=\"112\">X6<\/strong> de largo alcance revoluciona la gesti\u00f3n de inventario, permitiendo escanear tags UHF EID y c\u00f3digos de barras o QR con una sola mano.<br data-start=\"245\" data-end=\"248\" \/>Dise\u00f1ado para el trabajo en campo, combina resistencia, ligereza y ergonom\u00eda para uso prolongado. Su pantalla t\u00e1ctil amplia y sistema Android brindan una experiencia intuitiva y vers\u00e1til.<\/p>\n<p>&nbsp;<\/p>\n<ul>\n<li>\n<h4 data-start=\"217\" data-end=\"254\"><strong data-start=\"222\" data-end=\"254\">Especificaciones principales<\/strong><\/h4>\n<ul data-start=\"255\" data-end=\"403\">\n<li data-start=\"255\" data-end=\"289\">\n<p data-start=\"257\" data-end=\"289\">El lector de caravanas UHFID es un dispositivo con la capacidad de leer caravanas UHF a distancia (hasta 3 \u2013 5 mts). Esta es la principal diferencia con el bast\u00f3n de lectura de caravanas LRFID.<\/p>\n<\/li>\n<li data-start=\"255\" data-end=\"289\">El lector de caravanas UHFID permite registrar los eventos y luego transmitir los datos a la plataforma online (nube).<\/li>\n<li data-start=\"255\" data-end=\"289\">Registra r\u00e1pidamente pesadas, vacunaciones, reproducci\u00f3n, movimientos, stocks y todo tipo de informaci\u00f3n importante que usted necesita guardar de cada animal.<\/li>\n<li data-start=\"255\" data-end=\"289\">Tiene la capacidad de trabajar tanto online como offline, es decir, sin conectividad.<\/li>\n<li data-start=\"255\" data-end=\"289\">El lector de caravanas UHFID tiene una pantalla t\u00e1ctil, as\u00ed como un lector de radiofrecuencia accionado por un gatillo para leer las caravanas. Se utiliza de la misma manera que una aplicaci\u00f3n m\u00f3vil, donde se cargan datos. Al accionar el gatillo, se lee la caravana y se identifica al animal.<\/li>\n<li data-start=\"255\" data-end=\"289\">El lector de caravanas UHFID interact\u00faa con otras herramientas digitales, tales como balanzas electr\u00f3nicas, jeringas inteligentes y arcos de lecturaIntuitivo y f\u00e1cil de usar.<\/li>\n<li data-start=\"255\" data-end=\"289\">Port\u00e1til, excelente para uso en la manga, camioneta o a caballo.<\/li>\n<li data-start=\"255\" data-end=\"289\">Aut\u00f3nomo (sube los datos a la plataforma digital).<\/li>\n<li data-start=\"255\" data-end=\"289\">Distancia de lectura hasta 3-5 metros.<\/li>\n<\/ul>\n<\/li>\n<\/ul>\n","protected":false},"excerpt":{"rendered":"<p>Lectura RFID de primer nivel con plataforma Android 10.0 y esc\u00e1ner 2D integrado.El lector port\u00e1til X6 de largo alcance revoluciona la gesti\u00f3n de inventario, permitiendo escanear tags UHF EID y c\u00f3digos de barras o QR con una sola mano.Dise\u00f1ado para el trabajo en campo, combina resistencia, ligereza y ergonom\u00eda para uso prolongado. Su pantalla t\u00e1ctil [&hellip;]<\/p>\n","protected":false},"featured_media":572,"comment_status":"open","ping_status":"closed","template":"","meta":{"_et_pb_use_builder":"","_et_pb_old_content":"","_et_gb_content_width":"","_joinchat":[]},"product_brand":[],"product_cat":[35,33],"product_tag":[],"class_list":{"0":"post-571","1":"product","2":"type-product","3":"status-publish","4":"has-post-thumbnail","6":"product_cat-destacados","7":"product_cat-monitoreo-animal","9":"first","10":"instock","11":"shipping-taxable","12":"product-type-simple"},"_links":{"self":[{"href":"https:\/\/agronext.com.ar\/index.php\/wp-json\/wp\/v2\/product\/571","targetHints":{"allow":["GET"]}}],"collection":[{"href":"https:\/\/agronext.com.ar\/index.php\/wp-json\/wp\/v2\/product"}],"about":[{"href":"https:\/\/agronext.com.ar\/index.php\/wp-json\/wp\/v2\/types\/product"}],"replies":[{"embeddable":true,"href":"https:\/\/agronext.com.ar\/index.php\/wp-json\/wp\/v2\/comments?post=571"}],"wp:featuredmedia":[{"embeddable":true,"href":"https:\/\/agronext.com.ar\/index.php\/wp-json\/wp\/v2\/media\/572"}],"wp:attachment":[{"href":"https:\/\/agronext.com.ar\/index.php\/wp-json\/wp\/v2\/media?parent=571"}],"wp:term":[{"taxonomy":"product_brand","embeddable":true,"href":"https:\/\/agronext.com.ar\/index.php\/wp-json\/wp\/v2\/product_brand?post=571"},{"taxonomy":"product_cat","embeddable":true,"href":"https:\/\/agronext.com.ar\/index.php\/wp-json\/wp\/v2\/product_cat?post=571"},{"taxonomy":"product_tag","embeddable":true,"href":"https:\/\/agronext.com.ar\/index.php\/wp-json\/wp\/v2\/product_tag?post=571"}],"curies":[{"name":"wp","href":"https:\/\/api.w.org\/{rel}","templated":true}]}}