{"id":573,"date":"2025-06-27T00:20:28","date_gmt":"2025-06-27T03:20:28","guid":{"rendered":"https:\/\/agronext.com.ar\/?post_type=product&#038;p=573"},"modified":"2025-10-15T09:33:32","modified_gmt":"2025-10-15T12:33:32","slug":"software-y-app-vaquero-autonomo","status":"publish","type":"product","link":"https:\/\/agronext.com.ar\/index.php\/producto\/software-y-app-vaquero-autonomo\/","title":{"rendered":"Software y App &#8220;Vaquero Aut\u00f3nomo&#8221;"},"content":{"rendered":"<ul>\n<li>\n<h4 data-start=\"217\" data-end=\"254\"><strong data-start=\"222\" data-end=\"254\">Especificaciones principales<\/strong><\/h4>\n<ul data-start=\"255\" data-end=\"403\">\n<li data-start=\"255\" data-end=\"289\">\n<p data-start=\"257\" data-end=\"289\">Plataforma de manejo y reporte de datos.<\/p>\n<\/li>\n<li data-start=\"255\" data-end=\"289\">\n<p data-start=\"257\" data-end=\"289\">El software y la app facilita el guardado de los datos y registros productivos.<\/p>\n<\/li>\n<li data-start=\"255\" data-end=\"289\">\n<p data-start=\"257\" data-end=\"289\">Trabajar desde cualquier lugar, incluso sin conexi\u00f3n de WiFi.<\/p>\n<\/li>\n<li data-start=\"255\" data-end=\"289\">\n<p data-start=\"257\" data-end=\"289\">Recibir reportes y alertas autom\u00e1ticas.<\/p>\n<\/li>\n<li data-start=\"255\" data-end=\"289\">\n<p data-start=\"257\" data-end=\"289\">Dise\u00f1ar tu propio reporte de acuerdo a tus necesidades.<\/p>\n<\/li>\n<\/ul>\n<\/li>\n<\/ul>\n","protected":false},"excerpt":{"rendered":"<p><strong data-start=\"0\" data-end=\"78\" data-is-only-node=\"\">Mejor\u00e1 y simplific\u00e1 tu operaci\u00f3n con nuestro software de gesti\u00f3n ganadera.<\/strong><br data-start=\"78\" data-end=\"81\" \/>Optimiz\u00e1 procesos, tom\u00e1 decisiones basadas en datos y llev\u00e1 el control de tu rodeo de forma f\u00e1cil y eficiente.<\/p>\n","protected":false},"featured_media":574,"comment_status":"open","ping_status":"closed","template":"","meta":{"_et_pb_use_builder":"","_et_pb_old_content":"","_et_gb_content_width":"","_joinchat":[]},"product_brand":[],"product_cat":[35,33],"product_tag":[],"class_list":{"0":"post-573","1":"product","2":"type-product","3":"status-publish","4":"has-post-thumbnail","6":"product_cat-destacados","7":"product_cat-monitoreo-animal","9":"first","10":"instock","11":"shipping-taxable","12":"product-type-simple"},"_links":{"self":[{"href":"https:\/\/agronext.com.ar\/index.php\/wp-json\/wp\/v2\/product\/573","targetHints":{"allow":["GET"]}}],"collection":[{"href":"https:\/\/agronext.com.ar\/index.php\/wp-json\/wp\/v2\/product"}],"about":[{"href":"https:\/\/agronext.com.ar\/index.php\/wp-json\/wp\/v2\/types\/product"}],"replies":[{"embeddable":true,"href":"https:\/\/agronext.com.ar\/index.php\/wp-json\/wp\/v2\/comments?post=573"}],"wp:featuredmedia":[{"embeddable":true,"href":"https:\/\/agronext.com.ar\/index.php\/wp-json\/wp\/v2\/media\/574"}],"wp:attachment":[{"href":"https:\/\/agronext.com.ar\/index.php\/wp-json\/wp\/v2\/media?parent=573"}],"wp:term":[{"taxonomy":"product_brand","embeddable":true,"href":"https:\/\/agronext.com.ar\/index.php\/wp-json\/wp\/v2\/product_brand?post=573"},{"taxonomy":"product_cat","embeddable":true,"href":"https:\/\/agronext.com.ar\/index.php\/wp-json\/wp\/v2\/product_cat?post=573"},{"taxonomy":"product_tag","embeddable":true,"href":"https:\/\/agronext.com.ar\/index.php\/wp-json\/wp\/v2\/product_tag?post=573"}],"curies":[{"name":"wp","href":"https:\/\/api.w.org\/{rel}","templated":true}]}}