{"id":957,"date":"2025-10-10T20:19:31","date_gmt":"2025-10-10T23:19:31","guid":{"rendered":"https:\/\/agronext.com.ar\/?post_type=product&#038;p=957"},"modified":"2025-11-28T15:50:56","modified_gmt":"2025-11-28T18:50:56","slug":"caravana-electronica-hdx-oficial-senasa-x-25-unidades","status":"publish","type":"product","link":"https:\/\/agronext.com.ar\/index.php\/producto\/caravana-electronica-hdx-oficial-senasa-x-25-unidades\/","title":{"rendered":"Caravana ELECTRONICA HDX Oficial SENASA x 25 unidades"},"content":{"rendered":"<p><strong>Caravanas oficiales SENASA electr\u00f3nicas con doble tecnolog\u00eda.<\/strong><br data-start=\"84\" data-end=\"87\" \/><\/p>\n<ul>\n<li style=\"list-style-type: none;\">\n<ul data-start=\"255\" data-end=\"403\">\n<li data-start=\"255\" data-end=\"289\">\n<p data-start=\"257\" data-end=\"289\">La tecnolog\u00eda <strong>HDX<\/strong> asegura lecturas estables en<strong> PROXIMIDAD y a DISTANCIA<\/strong>, m\u00faltiples animales al mismo tiempo y sin contacto.<\/p>\n<\/li>\n<li data-start=\"255\" data-end=\"289\">\n<p data-start=\"257\" data-end=\"289\"><strong>\u00bfPor qu\u00e9 HDX + UHF?<\/strong><br \/>\nRedundancia de lectura (HDX + UHF)<br \/>\nHDX: m\u00e1xima confiabilidad en la lectura de la caravana (sala de orde\u00f1e, pesaje y tratamientos en la manga)<br \/>\nUHF: el futuro de la identificaci\u00f3n animal, con alcance, velocidad y menor estr\u00e9s.<\/p>\n<\/li>\n<li data-start=\"255\" data-end=\"289\">\n<p data-start=\"257\" data-end=\"289\"><strong>MAS CONTROL:<\/strong><br \/>\nSaber exactamente qu\u00e9 animal entra a la sala de orde\u00f1o o pasa por la manga y cu\u00e1ndo.<br \/>\nRecuento de animales en movimiento.<br \/>\nBienestar animal + eficiencia: menos encierros innecesarios.<br \/>\nIdentificaci\u00f3n confiable y precisa en proximidad y a distancia.<br \/>\nFlujo de trabajo \u00e1gil en la sala de orde\u00f1e o en la manga.<br \/>\nLecturas r\u00e1pidas y masivas con UHF.<br \/>\nIngreso a la sala de orde\u00f1e, corrales, y manga 100% controlado y registrado.<br \/>\nPrecisi\u00f3n HDX + Registro Exacto en movimiento.<\/p>\n<\/li>\n<\/ul>\n<\/li>\n<\/ul>\n","protected":false},"excerpt":{"rendered":"<p>Caravanas oficiales SENASA electr\u00f3nicas con doble tecnolog\u00eda. La tecnolog\u00eda HDX asegura lecturas estables en PROXIMIDAD y a DISTANCIA, m\u00faltiples animales al mismo tiempo y sin contacto. \u00bfPor qu\u00e9 HDX + UHF? Redundancia de lectura (HDX + UHF) HDX: m\u00e1xima confiabilidad en la lectura de la caravana (sala de orde\u00f1e, pesaje y tratamientos en la manga) [&hellip;]<\/p>\n","protected":false},"featured_media":961,"comment_status":"open","ping_status":"closed","template":"","meta":{"_et_pb_use_builder":"","_et_pb_old_content":"","_et_gb_content_width":"","_joinchat":[]},"product_brand":[40],"product_cat":[33],"product_tag":[],"class_list":{"0":"post-957","1":"product","2":"type-product","3":"status-publish","4":"has-post-thumbnail","6":"product_brand-digirodeo","7":"product_cat-monitoreo-animal","9":"first","10":"instock","11":"shipping-taxable","12":"product-type-simple"},"_links":{"self":[{"href":"https:\/\/agronext.com.ar\/index.php\/wp-json\/wp\/v2\/product\/957","targetHints":{"allow":["GET"]}}],"collection":[{"href":"https:\/\/agronext.com.ar\/index.php\/wp-json\/wp\/v2\/product"}],"about":[{"href":"https:\/\/agronext.com.ar\/index.php\/wp-json\/wp\/v2\/types\/product"}],"replies":[{"embeddable":true,"href":"https:\/\/agronext.com.ar\/index.php\/wp-json\/wp\/v2\/comments?post=957"}],"wp:featuredmedia":[{"embeddable":true,"href":"https:\/\/agronext.com.ar\/index.php\/wp-json\/wp\/v2\/media\/961"}],"wp:attachment":[{"href":"https:\/\/agronext.com.ar\/index.php\/wp-json\/wp\/v2\/media?parent=957"}],"wp:term":[{"taxonomy":"product_brand","embeddable":true,"href":"https:\/\/agronext.com.ar\/index.php\/wp-json\/wp\/v2\/product_brand?post=957"},{"taxonomy":"product_cat","embeddable":true,"href":"https:\/\/agronext.com.ar\/index.php\/wp-json\/wp\/v2\/product_cat?post=957"},{"taxonomy":"product_tag","embeddable":true,"href":"https:\/\/agronext.com.ar\/index.php\/wp-json\/wp\/v2\/product_tag?post=957"}],"curies":[{"name":"wp","href":"https:\/\/api.w.org\/{rel}","templated":true}]}}