{"id":966,"date":"2025-10-10T20:24:00","date_gmt":"2025-10-10T23:24:00","guid":{"rendered":"https:\/\/agronext.com.ar\/?post_type=product&#038;p=966"},"modified":"2025-12-05T16:40:39","modified_gmt":"2025-12-05T19:40:39","slug":"caravanas-oficiales-senasa-electronicas-con-doble-tecnologia","status":"publish","type":"product","link":"https:\/\/agronext.com.ar\/index.php\/producto\/caravanas-oficiales-senasa-electronicas-con-doble-tecnologia\/","title":{"rendered":"Caravana ELECTRONICA FDX Oficial SENASA x 25 unidades"},"content":{"rendered":"<p><strong>Caravanas oficiales SENASA electr\u00f3nicas con doble tecnolog\u00eda.<\/strong><\/p>\n<p>&nbsp;<\/p>\n<ul>\n<li style=\"list-style-type: none;\">\n<ul data-start=\"255\" data-end=\"403\">\n<li data-start=\"255\" data-end=\"289\">En cr\u00eda, recr\u00eda y feedlot, la confiabilidad de FDX garantiza seguridad en cada manejo.<\/li>\n<li data-start=\"255\" data-end=\"289\">La tecnolog\u00eda UHF marca el futuro de la trazabilidad: lecturas r\u00e1pidas a m\u00faltiples animales en simult\u00e1neo y sin contacto.<\/li>\n<li data-start=\"255\" data-end=\"289\"><strong>\u00bfPor qu\u00e9 FDX + UHF en cr\u00eda y feedlot?<\/strong><br \/>\n<strong>FDX:<\/strong> ideal para mangas y corrales.<br \/>\n<strong>UHF:<\/strong> la evoluci\u00f3n de la identificaci\u00f3n animal, con control a distancia y mayor eficiencia.<br \/>\n<strong>Escaneo masivo<\/strong> <strong>(RECUENTO)<\/strong> en tranqueras, corrales, bebidas y arcos m\u00f3viles<br \/>\n<strong>M\u00e1s seguridad en los datos + menor estr\u00e9s animal.<\/strong><br \/>\nResultado en cr\u00eda y feedlot.<br \/>\nSeguridad y precisi\u00f3n en proximidad con FDX<br \/>\nIdentificaci\u00f3n r\u00e1pido, eficiente y sin l\u00edmites a distancia con UHF.<br \/>\nReducci\u00f3n de errores y m\u00e1s bienestar animal.<br \/>\nSeguridad con FDX en corrales + Velocidad a campo abierto con UHF.<\/li>\n<\/ul>\n<\/li>\n<\/ul>\n","protected":false},"excerpt":{"rendered":"<p>Caravanas oficiales SENASA electr\u00f3nicas con doble tecnolog\u00eda. &nbsp; En cr\u00eda, recr\u00eda y feedlot, la confiabilidad de FDX garantiza seguridad en cada manejo. La tecnolog\u00eda UHF marca el futuro de la trazabilidad: lecturas r\u00e1pidas a m\u00faltiples animales en simult\u00e1neo y sin contacto. \u00bfPor qu\u00e9 FDX + UHF en cr\u00eda y feedlot? FDX: ideal para mangas y [&hellip;]<\/p>\n","protected":false},"featured_media":960,"comment_status":"open","ping_status":"closed","template":"","meta":{"_et_pb_use_builder":"","_et_pb_old_content":"","_et_gb_content_width":"","_joinchat":[]},"product_brand":[40],"product_cat":[35,33],"product_tag":[],"class_list":{"0":"post-966","1":"product","2":"type-product","3":"status-publish","4":"has-post-thumbnail","6":"product_brand-digirodeo","7":"product_cat-destacados","8":"product_cat-monitoreo-animal","10":"first","11":"instock","12":"shipping-taxable","13":"product-type-simple"},"_links":{"self":[{"href":"https:\/\/agronext.com.ar\/index.php\/wp-json\/wp\/v2\/product\/966","targetHints":{"allow":["GET"]}}],"collection":[{"href":"https:\/\/agronext.com.ar\/index.php\/wp-json\/wp\/v2\/product"}],"about":[{"href":"https:\/\/agronext.com.ar\/index.php\/wp-json\/wp\/v2\/types\/product"}],"replies":[{"embeddable":true,"href":"https:\/\/agronext.com.ar\/index.php\/wp-json\/wp\/v2\/comments?post=966"}],"wp:featuredmedia":[{"embeddable":true,"href":"https:\/\/agronext.com.ar\/index.php\/wp-json\/wp\/v2\/media\/960"}],"wp:attachment":[{"href":"https:\/\/agronext.com.ar\/index.php\/wp-json\/wp\/v2\/media?parent=966"}],"wp:term":[{"taxonomy":"product_brand","embeddable":true,"href":"https:\/\/agronext.com.ar\/index.php\/wp-json\/wp\/v2\/product_brand?post=966"},{"taxonomy":"product_cat","embeddable":true,"href":"https:\/\/agronext.com.ar\/index.php\/wp-json\/wp\/v2\/product_cat?post=966"},{"taxonomy":"product_tag","embeddable":true,"href":"https:\/\/agronext.com.ar\/index.php\/wp-json\/wp\/v2\/product_tag?post=966"}],"curies":[{"name":"wp","href":"https:\/\/api.w.org\/{rel}","templated":true}]}}