{"id":967,"date":"2025-10-10T20:28:34","date_gmt":"2025-10-10T23:28:34","guid":{"rendered":"https:\/\/agronext.com.ar\/?post_type=product&#038;p=967"},"modified":"2025-10-15T09:09:43","modified_gmt":"2025-10-15T12:09:43","slug":"pinza-electrica-portatil-para-colocar-caravanas","status":"publish","type":"product","link":"https:\/\/agronext.com.ar\/index.php\/producto\/pinza-electrica-portatil-para-colocar-caravanas\/","title":{"rendered":"Pinza EL\u00c9CTRICA port\u00e1til para colocar caravanas"},"content":{"rendered":"<p>La pinza el\u00e9ctrica para caravanas permite colocar caravanas de forma simple, f\u00e1cil y r\u00e1pida.<br \/>\nMAXIMA seguridad para el operador y el animal.<br \/>\nSirve para cualquier especie animal de cr\u00eda.<br \/>\nSimple y f\u00e1cil de usar.<br \/>\nResistente y durable.<br \/>\nCompatible con caravanas convencionales y electr\u00f3nicas.<\/p>\n<p><strong>La pinza el\u00e9ctrica para caravanas incluye:<\/strong><\/p>\n<p>1 pinza aplicadora de caravanas.<br \/>\n1 pin de repuesto.<br \/>\n1 adaptador para caravanas.<br \/>\n1 estuche porta pinza.<br \/>\n2 bater\u00edas.<br \/>\n1 fuente de recarga.<\/p>\n","protected":false},"excerpt":{"rendered":"<p>La pinza el\u00e9ctrica para caravanas permite colocar caravanas de forma simple, f\u00e1cil y r\u00e1pida. MAXIMA seguridad para el operador y el animal. Sirve para cualquier especie animal de cr\u00eda. Simple y f\u00e1cil de usar. Resistente y durable. Compatible con caravanas convencionales y electr\u00f3nicas. La pinza el\u00e9ctrica para caravanas incluye: 1 pinza aplicadora de caravanas. 1 [&hellip;]<\/p>\n","protected":false},"featured_media":963,"comment_status":"open","ping_status":"closed","template":"","meta":{"_et_pb_use_builder":"","_et_pb_old_content":"","_et_gb_content_width":"","_joinchat":[]},"product_brand":[],"product_cat":[33],"product_tag":[],"class_list":{"0":"post-967","1":"product","2":"type-product","3":"status-publish","4":"has-post-thumbnail","6":"product_cat-monitoreo-animal","8":"first","9":"instock","10":"shipping-taxable","11":"product-type-simple"},"_links":{"self":[{"href":"https:\/\/agronext.com.ar\/index.php\/wp-json\/wp\/v2\/product\/967","targetHints":{"allow":["GET"]}}],"collection":[{"href":"https:\/\/agronext.com.ar\/index.php\/wp-json\/wp\/v2\/product"}],"about":[{"href":"https:\/\/agronext.com.ar\/index.php\/wp-json\/wp\/v2\/types\/product"}],"replies":[{"embeddable":true,"href":"https:\/\/agronext.com.ar\/index.php\/wp-json\/wp\/v2\/comments?post=967"}],"wp:featuredmedia":[{"embeddable":true,"href":"https:\/\/agronext.com.ar\/index.php\/wp-json\/wp\/v2\/media\/963"}],"wp:attachment":[{"href":"https:\/\/agronext.com.ar\/index.php\/wp-json\/wp\/v2\/media?parent=967"}],"wp:term":[{"taxonomy":"product_brand","embeddable":true,"href":"https:\/\/agronext.com.ar\/index.php\/wp-json\/wp\/v2\/product_brand?post=967"},{"taxonomy":"product_cat","embeddable":true,"href":"https:\/\/agronext.com.ar\/index.php\/wp-json\/wp\/v2\/product_cat?post=967"},{"taxonomy":"product_tag","embeddable":true,"href":"https:\/\/agronext.com.ar\/index.php\/wp-json\/wp\/v2\/product_tag?post=967"}],"curies":[{"name":"wp","href":"https:\/\/api.w.org\/{rel}","templated":true}]}}