{"id":978,"date":"2025-10-27T10:37:04","date_gmt":"2025-10-27T13:37:04","guid":{"rendered":"https:\/\/agronext.com.ar\/?post_type=product&#038;p=978"},"modified":"2025-10-27T11:17:23","modified_gmt":"2025-10-27T14:17:23","slug":"sensor-de-humedad-de-suelo-waterscout-sm-100-c-cable-de-61-mts","status":"publish","type":"product","link":"https:\/\/agronext.com.ar\/index.php\/producto\/sensor-de-humedad-de-suelo-waterscout-sm-100-c-cable-de-61-mts\/","title":{"rendered":"SENSOR DE HUMEDAD DE SUELO WATERSCOUT SM 100 (C\/ CABLE DE 6,1 MTS)"},"content":{"rendered":"<p>WaterScout SM100 mide la humedad del suelo o el contenido volum\u00e9trico de agua (CVA). Mantener un equilibrio h\u00eddrico y de humedad del suelo saludable es esencial para producir plantas de alta calidad. Las plantas con riego insuficiente sufren deficiencias de nutrientes, retraso del crecimiento y marchitamiento. Por el contrario, las plantas con riego excesivo son m\u00e1s susceptibles a las enfermedades y menos tolerantes a la sequ\u00eda en etapas posteriores de su ciclo de vida. Un riego excesivo puede sofocar la planta y provocar la muerte de las ra\u00edces. El sensor SM100 es un sensor de humedad del suelo de tipo capacitancia que responde inmediatamente a los cambios en el contenido de humedad del suelo para tomar mejores decisiones de riego. Est\u00e1 calibrado para suelos minerales o sin suelo y se instala f\u00e1cilmente en un orificio de 1,9 cm (3\/4&#8243;). Este sensor puede instalarse de forma permanente o utilizarse para realizar mediciones puntuales. Puede conectar hasta 4 sensores seg\u00fan la estaci\u00f3n meteorol\u00f3gica a la que se conecte. Los datos se pueden leer con el lector de sensores de suelo FieldScout (art\u00edculo n.\u00b0 6466) (incluye un cable de 1,8 m (6 pies)).<\/p>\n","protected":false},"excerpt":{"rendered":"<p>WaterScout SM100 mide la humedad del suelo o el contenido volum\u00e9trico de agua (CVA). Mantener un equilibrio h\u00eddrico y de humedad del suelo saludable es esencial para producir plantas de alta calidad. Las plantas con riego insuficiente sufren deficiencias de nutrientes, retraso del crecimiento y marchitamiento. Por el contrario, las plantas con riego excesivo son [&hellip;]<\/p>\n","protected":false},"featured_media":979,"comment_status":"open","ping_status":"closed","template":"","meta":{"_et_pb_use_builder":"","_et_pb_old_content":"","_et_gb_content_width":"","_joinchat":[]},"product_brand":[39],"product_cat":[37,20],"product_tag":[],"class_list":{"0":"post-978","1":"product","2":"type-product","3":"status-publish","4":"has-post-thumbnail","6":"product_brand-spectrum","7":"product_cat-accesorios-sensores","8":"product_cat-monitoreo-climatico","10":"first","11":"instock","12":"shipping-taxable","13":"product-type-simple"},"_links":{"self":[{"href":"https:\/\/agronext.com.ar\/index.php\/wp-json\/wp\/v2\/product\/978","targetHints":{"allow":["GET"]}}],"collection":[{"href":"https:\/\/agronext.com.ar\/index.php\/wp-json\/wp\/v2\/product"}],"about":[{"href":"https:\/\/agronext.com.ar\/index.php\/wp-json\/wp\/v2\/types\/product"}],"replies":[{"embeddable":true,"href":"https:\/\/agronext.com.ar\/index.php\/wp-json\/wp\/v2\/comments?post=978"}],"wp:featuredmedia":[{"embeddable":true,"href":"https:\/\/agronext.com.ar\/index.php\/wp-json\/wp\/v2\/media\/979"}],"wp:attachment":[{"href":"https:\/\/agronext.com.ar\/index.php\/wp-json\/wp\/v2\/media?parent=978"}],"wp:term":[{"taxonomy":"product_brand","embeddable":true,"href":"https:\/\/agronext.com.ar\/index.php\/wp-json\/wp\/v2\/product_brand?post=978"},{"taxonomy":"product_cat","embeddable":true,"href":"https:\/\/agronext.com.ar\/index.php\/wp-json\/wp\/v2\/product_cat?post=978"},{"taxonomy":"product_tag","embeddable":true,"href":"https:\/\/agronext.com.ar\/index.php\/wp-json\/wp\/v2\/product_tag?post=978"}],"curies":[{"name":"wp","href":"https:\/\/api.w.org\/{rel}","templated":true}]}}