{"id":983,"date":"2025-10-27T11:25:30","date_gmt":"2025-10-27T14:25:30","guid":{"rendered":"https:\/\/agronext.com.ar\/?post_type=product&#038;p=983"},"modified":"2025-10-27T11:33:11","modified_gmt":"2025-10-27T14:33:11","slug":"medidor-de-phce-y-t-de-suelo-smec-300-con-cable-de-183-mts","status":"publish","type":"product","link":"https:\/\/agronext.com.ar\/index.php\/producto\/medidor-de-phce-y-t-de-suelo-smec-300-con-cable-de-183-mts\/","title":{"rendered":"MEDIDOR DE PH,CE Y T DE SUELO SMEC 300 CON CABLE DE 1,83 MTS"},"content":{"rendered":"<p>El WaterScout SMEC300 mide la humedad del suelo, la electroconductividad (CE\/sales) y la temperatura. Ya sea que mida plantas en macetas en un invernadero o c\u00e9sped en un putting green, conocer la salinidad de la zona radicular es fundamental para un crecimiento saludable de las plantas. El riego, los fertilizantes y los cultivos dependen de la concentraci\u00f3n de sales. Los niveles altos pueden da\u00f1ar la planta, mientras que los bajos pueden provocar deficiencias de nutrientes. El sensor SMEC300 es un sensor de humedad del suelo de tipo capacitancia que responde inmediatamente a los cambios en el contenido de humedad del suelo para tomar mejores decisiones de riego. Los electrodos de tinta de carbono proporcionan una amplia superficie de medici\u00f3n para la conductividad el\u00e9ctrica (CE) y la calibraci\u00f3n es sencilla. Puede conectar hasta 4 sensores, seg\u00fan la estaci\u00f3n meteorol\u00f3gica a la que se conecte. Los datos se pueden leer con el lector de sensores de suelo FieldScout (art\u00edculo n.\u00b0 6466), la aplicaci\u00f3n WatchDog, SpecConnect y SpecWare (incluye un cable de 6,1 m [20 pies]).<\/p>\n","protected":false},"excerpt":{"rendered":"<p>El WaterScout SMEC300 mide la humedad del suelo, la electroconductividad (CE\/sales) y la temperatura. Ya sea que mida plantas en macetas en un invernadero o c\u00e9sped en un putting green, conocer la salinidad de la zona radicular es fundamental para un crecimiento saludable de las plantas. El riego, los fertilizantes y los cultivos dependen de la concentraci\u00f3n de sales. Los niveles altos pueden da\u00f1ar la planta, mientras que los bajos pueden provocar deficiencias de nutrientes. El sensor SMEC300 es un sensor de humedad del suelo de tipo capacitancia que responde inmediatamente a los cambios en el contenido de humedad del suelo para tomar mejores decisiones de riego. Los electrodos de tinta de carbono proporcionan una amplia superficie de medici\u00f3n para la conductividad el\u00e9ctrica (CE) y la calibraci\u00f3n es sencilla. Puede conectar hasta 4 sensores, seg\u00fan la estaci\u00f3n meteorol\u00f3gica a la que se conecte. Los datos se pueden leer con el lector de sensores de suelo FieldScout (art\u00edculo n.\u00b0 6466), la aplicaci\u00f3n WatchDog, SpecConnect y SpecWare (incluye un cable de 6,1 m [20 pies]).<\/p>\n","protected":false},"featured_media":985,"comment_status":"open","ping_status":"closed","template":"","meta":{"_et_pb_use_builder":"","_et_pb_old_content":"","_et_gb_content_width":"","_joinchat":[]},"product_brand":[39],"product_cat":[37,20],"product_tag":[],"class_list":{"0":"post-983","1":"product","2":"type-product","3":"status-publish","4":"has-post-thumbnail","6":"product_brand-spectrum","7":"product_cat-accesorios-sensores","8":"product_cat-monitoreo-climatico","10":"first","11":"instock","12":"shipping-taxable","13":"product-type-simple"},"_links":{"self":[{"href":"https:\/\/agronext.com.ar\/index.php\/wp-json\/wp\/v2\/product\/983","targetHints":{"allow":["GET"]}}],"collection":[{"href":"https:\/\/agronext.com.ar\/index.php\/wp-json\/wp\/v2\/product"}],"about":[{"href":"https:\/\/agronext.com.ar\/index.php\/wp-json\/wp\/v2\/types\/product"}],"replies":[{"embeddable":true,"href":"https:\/\/agronext.com.ar\/index.php\/wp-json\/wp\/v2\/comments?post=983"}],"wp:featuredmedia":[{"embeddable":true,"href":"https:\/\/agronext.com.ar\/index.php\/wp-json\/wp\/v2\/media\/985"}],"wp:attachment":[{"href":"https:\/\/agronext.com.ar\/index.php\/wp-json\/wp\/v2\/media?parent=983"}],"wp:term":[{"taxonomy":"product_brand","embeddable":true,"href":"https:\/\/agronext.com.ar\/index.php\/wp-json\/wp\/v2\/product_brand?post=983"},{"taxonomy":"product_cat","embeddable":true,"href":"https:\/\/agronext.com.ar\/index.php\/wp-json\/wp\/v2\/product_cat?post=983"},{"taxonomy":"product_tag","embeddable":true,"href":"https:\/\/agronext.com.ar\/index.php\/wp-json\/wp\/v2\/product_tag?post=983"}],"curies":[{"name":"wp","href":"https:\/\/api.w.org\/{rel}","templated":true}]}}