{"id":987,"date":"2025-10-27T11:36:57","date_gmt":"2025-10-27T14:36:57","guid":{"rendered":"https:\/\/agronext.com.ar\/?post_type=product&#038;p=987"},"modified":"2025-12-10T17:09:36","modified_gmt":"2025-12-10T20:09:36","slug":"estacion-meteorologica-watchdog-wireless-et-s-lte-cat4","status":"publish","type":"product","link":"https:\/\/agronext.com.ar\/index.php\/producto\/estacion-meteorologica-watchdog-wireless-et-s-lte-cat4\/","title":{"rendered":"ESTACION METEOROLOGICA WATCHDOG WIRELESS ET S\/LTE-CAT4"},"content":{"rendered":"<p>La estaci\u00f3n meteorol\u00f3gica inal\u00e1mbrica WatchDog ET (LTE-CAT4) mide temperatura, humedad relativa, precipitaciones, velocidad y direcci\u00f3n del viento, radiaci\u00f3n solar y ET. Con un puerto adicional disponible, puede a\u00f1adir un sensor adicional a los ya integrados. Consulte las condiciones actuales en la app WatchDog y genere informes est\u00e1ndar y personalizados con nuestra suscripci\u00f3n a la soluci\u00f3n SpecConnect Cloud (requerida al comprar).<\/p>\n","protected":false},"excerpt":{"rendered":"<p>La estaci\u00f3n meteorol\u00f3gica inal\u00e1mbrica WatchDog ET (LTE-CAT4) mide temperatura, humedad relativa, precipitaciones, velocidad y direcci\u00f3n del viento, radiaci\u00f3n solar y ET. Con un puerto adicional disponible, puede a\u00f1adir un sensor adicional a los ya integrados. Consulte las condiciones actuales en la app WatchDog y genere informes est\u00e1ndar y personalizados con nuestra suscripci\u00f3n a la soluci\u00f3n [&hellip;]<\/p>\n","protected":false},"featured_media":988,"comment_status":"open","ping_status":"closed","template":"","meta":{"_et_pb_use_builder":"","_et_pb_old_content":"","_et_gb_content_width":"","_joinchat":[]},"product_brand":[39],"product_cat":[35,20,21],"product_tag":[],"class_list":{"0":"post-987","1":"product","2":"type-product","3":"status-publish","4":"has-post-thumbnail","6":"product_brand-spectrum","7":"product_cat-destacados","8":"product_cat-monitoreo-climatico","9":"product_cat-estaciones-meteorologicas","11":"first","12":"instock","13":"shipping-taxable","14":"product-type-simple"},"_links":{"self":[{"href":"https:\/\/agronext.com.ar\/index.php\/wp-json\/wp\/v2\/product\/987","targetHints":{"allow":["GET"]}}],"collection":[{"href":"https:\/\/agronext.com.ar\/index.php\/wp-json\/wp\/v2\/product"}],"about":[{"href":"https:\/\/agronext.com.ar\/index.php\/wp-json\/wp\/v2\/types\/product"}],"replies":[{"embeddable":true,"href":"https:\/\/agronext.com.ar\/index.php\/wp-json\/wp\/v2\/comments?post=987"}],"wp:featuredmedia":[{"embeddable":true,"href":"https:\/\/agronext.com.ar\/index.php\/wp-json\/wp\/v2\/media\/988"}],"wp:attachment":[{"href":"https:\/\/agronext.com.ar\/index.php\/wp-json\/wp\/v2\/media?parent=987"}],"wp:term":[{"taxonomy":"product_brand","embeddable":true,"href":"https:\/\/agronext.com.ar\/index.php\/wp-json\/wp\/v2\/product_brand?post=987"},{"taxonomy":"product_cat","embeddable":true,"href":"https:\/\/agronext.com.ar\/index.php\/wp-json\/wp\/v2\/product_cat?post=987"},{"taxonomy":"product_tag","embeddable":true,"href":"https:\/\/agronext.com.ar\/index.php\/wp-json\/wp\/v2\/product_tag?post=987"}],"curies":[{"name":"wp","href":"https:\/\/api.w.org\/{rel}","templated":true}]}}