{"id":989,"date":"2025-10-27T11:45:41","date_gmt":"2025-10-27T14:45:41","guid":{"rendered":"https:\/\/agronext.com.ar\/?post_type=product&#038;p=989"},"modified":"2025-10-27T12:37:09","modified_gmt":"2025-10-27T15:37:09","slug":"watchdog-a150-temp-rh-data-logge","status":"publish","type":"product","link":"https:\/\/agronext.com.ar\/index.php\/producto\/watchdog-a150-temp-rh-data-logge\/","title":{"rendered":"WatchDog A150 Temp\/RH Data Logger"},"content":{"rendered":"<p>El registrador de datos de temperatura y humedad relativa WatchDog A150 es una opci\u00f3n econ\u00f3mica para registrar las condiciones ambientales. Este registrador mide la temperatura y la humedad relativa. Los datos se muestran en la pantalla LCD. Registra 8000 mediciones (4000 por canal, utilizando ambos canales). Seleccione intervalos de medici\u00f3n de 1 a 120 minutos. Un intervalo de 30 minutos registrar\u00e1 durante 111 d\u00edas antes de que se llene la memoria. Las tapas blandas extra\u00edbles mantienen los puertos limpios. Consulte los datos conectando el registrador a su PC con el cable de conexi\u00f3n a PC WatchDog (art\u00edculo n.\u00b0 3661A) para descargar nuestro software SpecWare (requerido con la compra).<\/p>\n","protected":false},"excerpt":{"rendered":"<p>El registrador de datos de temperatura y humedad relativa WatchDog A150 es una opci\u00f3n econ\u00f3mica para registrar las condiciones ambientales. Este registrador mide la temperatura y la humedad relativa. Los datos se muestran en la pantalla LCD. Registra 8000 mediciones (4000 por canal, utilizando ambos canales). Seleccione intervalos de medici\u00f3n de 1 a 120 minutos. [&hellip;]<\/p>\n","protected":false},"featured_media":994,"comment_status":"open","ping_status":"closed","template":"","meta":{"_et_pb_use_builder":"","_et_pb_old_content":"","_et_gb_content_width":"","_joinchat":[]},"product_brand":[39],"product_cat":[37,20],"product_tag":[],"class_list":{"0":"post-989","1":"product","2":"type-product","3":"status-publish","4":"has-post-thumbnail","6":"product_brand-spectrum","7":"product_cat-accesorios-sensores","8":"product_cat-monitoreo-climatico","10":"first","11":"instock","12":"shipping-taxable","13":"product-type-simple"},"_links":{"self":[{"href":"https:\/\/agronext.com.ar\/index.php\/wp-json\/wp\/v2\/product\/989","targetHints":{"allow":["GET"]}}],"collection":[{"href":"https:\/\/agronext.com.ar\/index.php\/wp-json\/wp\/v2\/product"}],"about":[{"href":"https:\/\/agronext.com.ar\/index.php\/wp-json\/wp\/v2\/types\/product"}],"replies":[{"embeddable":true,"href":"https:\/\/agronext.com.ar\/index.php\/wp-json\/wp\/v2\/comments?post=989"}],"wp:featuredmedia":[{"embeddable":true,"href":"https:\/\/agronext.com.ar\/index.php\/wp-json\/wp\/v2\/media\/994"}],"wp:attachment":[{"href":"https:\/\/agronext.com.ar\/index.php\/wp-json\/wp\/v2\/media?parent=989"}],"wp:term":[{"taxonomy":"product_brand","embeddable":true,"href":"https:\/\/agronext.com.ar\/index.php\/wp-json\/wp\/v2\/product_brand?post=989"},{"taxonomy":"product_cat","embeddable":true,"href":"https:\/\/agronext.com.ar\/index.php\/wp-json\/wp\/v2\/product_cat?post=989"},{"taxonomy":"product_tag","embeddable":true,"href":"https:\/\/agronext.com.ar\/index.php\/wp-json\/wp\/v2\/product_tag?post=989"}],"curies":[{"name":"wp","href":"https:\/\/api.w.org\/{rel}","templated":true}]}}