{"id":996,"date":"2025-10-27T12:36:50","date_gmt":"2025-10-27T15:36:50","guid":{"rendered":"https:\/\/agronext.com.ar\/?post_type=product&#038;p=996"},"modified":"2025-10-27T12:36:50","modified_gmt":"2025-10-27T15:36:50","slug":"medidor-digital-de-viento-portable-watchdog","status":"publish","type":"product","link":"https:\/\/agronext.com.ar\/index.php\/producto\/medidor-digital-de-viento-portable-watchdog\/","title":{"rendered":"MEDIDOR DIGITAL DE VIENTO PORTABLE WATCHDOG"},"content":{"rendered":"<p><span lang=\"ES\">Anem\u00f3metro ultras\u00f3nico port\u00e1til con bluetooth. Mida y registre la velocidad del viento con el medidor de viento port\u00e1til Watchdog.<\/span><\/p>\n<p><span lang=\"ES\">\u00a0<\/span><\/p>\n<p><span lang=\"ES\">Esta herramienta de medici\u00f3n utiliza tecnolog\u00eda ultras\u00f3nica y conexi\u00f3n bluetooth para que pueda ver las condiciones cuando est\u00e9 listo para pulverizar. No solo muestra la velocidad y la direcci\u00f3n del viento en tiempo real a trav\u00e9s de la aplicaci\u00f3n, sino que tambi\u00e9n le brinda la posibilidad de enviar registros de datos por correo electr\u00f3nico para mantener un registro de las condiciones cada vez que pulveriza.<\/span><\/p>\n<p><span lang=\"ES\">\u00a0<\/span><\/p>\n<p><span lang=\"ES\"><strong>Caracter\u00edsticas.<\/strong><\/span><\/p>\n<p><span lang=\"ES\">\u00a0<\/span><\/p>\n<p><span lang=\"ES\">Sensor de viento ultras\u00f3nico con Bluetooth<\/span><\/p>\n<p><span lang=\"ES\">SIN partes m\u00f3viles<\/span><\/p>\n<p><span lang=\"ES\">Mediciones inmediatas y precisas<\/span><\/p>\n<p><span lang=\"ES\">Dise\u00f1o port\u00e1til para mediciones puntuales<\/span><\/p>\n<p><span lang=\"ES\">Env\u00ede los registros por correo electr\u00f3nico directamente desde la aplicaci\u00f3n, elija un d\u00eda o rango de fechas espec\u00edfico<\/span><\/p>\n<ul>\n<li><span lang=\"ES\">VELOCIDAD DEL VIENTO:<\/span><\/li>\n<\/ul>\n<p><span lang=\"ES\">\u2022 Rango: 1 a 25 m\/s (2,24 mph a 56 mph)<\/span><\/p>\n<p><span lang=\"ES\">\u2022 Precisi\u00f3n: \u00b10,3 m\/s a 10 m\/s (0,67 mph a 22,4 mph)<\/span><\/p>\n<ul>\n<li><span lang=\"ES\">DIRECCI\u00d3N DEL VIENTO<\/span><\/li>\n<\/ul>\n<p><span lang=\"ES\">\u2022 Rango: 0\u00b0 a 359\u00b0<\/span><\/p>\n<p><span lang=\"ES\">\u2022 Precisi\u00f3n: \u00b11\u00b0<\/span><\/p>\n<ul>\n<li><span lang=\"ES\">DIMENSIONES DEL ANEM\u00d3METRO:<\/span><\/li>\n<\/ul>\n<p><span lang=\"ES\">\u2022 Di\u00e1metro\/Altura: 1,69&#8243; (43 mm) \/ 1,85&#8243; (47 mm)<\/span><\/p>\n<p><span lang=\"ES\">\u2022 Peso: 78 g (2,8 oz)<\/span><\/p>\n<p><span lang=\"ES\">\u2022 Altura con soporte para tel\u00e9fono: 144 mm (5,6 in)<\/span><\/p>\n<p><span lang=\"ES\">\u2022 Ancho con soporte para tel\u00e9fono: 87 mm a 134 mm (3,43 in a 5,28 in)<\/span><\/p>\n<p><span lang=\"ES\">\u2022 Capacidad de ancho del tel\u00e9fono: 58 mm a 105 mm (2,28 in a 4,13 in)<\/span><\/p>\n<p><span lang=\"ES\">\u2022 Peso con soporte para tel\u00e9fono: 152 g (5,4 oz)<\/span><\/p>\n<ul>\n<li><span lang=\"ES\">VARIOS.<\/span><\/li>\n<\/ul>\n<p><span lang=\"ES\">\u00a0\u2022 Sensores: 4 transductores ultras\u00f3nicos<\/span><\/p>\n<p><span lang=\"ES\">\u2022 Compatibilidad: aplicaci\u00f3n WatchDog Wind<\/span><\/p>\n<p><span lang=\"ES\">\u2022 Alimentaci\u00f3n: bater\u00eda recargable (cargador inal\u00e1mbrico Qi incluido)<\/span><\/p>\n<p><span lang=\"ES\">\u2022 Tiempo de funcionamiento de la bater\u00eda: 150 horas de uso activo<\/span><\/p>\n","protected":false},"excerpt":{"rendered":"<p>Anem\u00f3metro ultras\u00f3nico port\u00e1til con bluetooth. Mida y registre la velocidad del viento con el medidor de viento port\u00e1til Watchdog. \u00a0 Esta herramienta de medici\u00f3n utiliza tecnolog\u00eda ultras\u00f3nica y conexi\u00f3n bluetooth para que pueda ver las condiciones cuando est\u00e9 listo para pulverizar. No solo muestra la velocidad y la direcci\u00f3n del viento en tiempo real a [&hellip;]<\/p>\n","protected":false},"featured_media":997,"comment_status":"open","ping_status":"closed","template":"","meta":{"_et_pb_use_builder":"","_et_pb_old_content":"","_et_gb_content_width":"","_joinchat":[]},"product_brand":[39],"product_cat":[37],"product_tag":[],"class_list":{"0":"post-996","1":"product","2":"type-product","3":"status-publish","4":"has-post-thumbnail","6":"product_brand-spectrum","7":"product_cat-accesorios-sensores","9":"first","10":"instock","11":"shipping-taxable","12":"product-type-simple"},"_links":{"self":[{"href":"https:\/\/agronext.com.ar\/index.php\/wp-json\/wp\/v2\/product\/996","targetHints":{"allow":["GET"]}}],"collection":[{"href":"https:\/\/agronext.com.ar\/index.php\/wp-json\/wp\/v2\/product"}],"about":[{"href":"https:\/\/agronext.com.ar\/index.php\/wp-json\/wp\/v2\/types\/product"}],"replies":[{"embeddable":true,"href":"https:\/\/agronext.com.ar\/index.php\/wp-json\/wp\/v2\/comments?post=996"}],"wp:featuredmedia":[{"embeddable":true,"href":"https:\/\/agronext.com.ar\/index.php\/wp-json\/wp\/v2\/media\/997"}],"wp:attachment":[{"href":"https:\/\/agronext.com.ar\/index.php\/wp-json\/wp\/v2\/media?parent=996"}],"wp:term":[{"taxonomy":"product_brand","embeddable":true,"href":"https:\/\/agronext.com.ar\/index.php\/wp-json\/wp\/v2\/product_brand?post=996"},{"taxonomy":"product_cat","embeddable":true,"href":"https:\/\/agronext.com.ar\/index.php\/wp-json\/wp\/v2\/product_cat?post=996"},{"taxonomy":"product_tag","embeddable":true,"href":"https:\/\/agronext.com.ar\/index.php\/wp-json\/wp\/v2\/product_tag?post=996"}],"curies":[{"name":"wp","href":"https:\/\/api.w.org\/{rel}","templated":true}]}}